{"id":1854,"date":"2012-09-29T11:39:27","date_gmt":"2012-09-28T23:39:27","guid":{"rendered":"http:\/\/sy-akka.de\/wordpress\/?page_id=1854"},"modified":"2022-11-07T05:01:27","modified_gmt":"2022-11-07T09:01:27","slug":"reiseverlauf","status":"publish","type":"page","link":"https:\/\/sy-akka.de\/wordpress\/reiseverlauf\/","title":{"rendered":"Position &#038; Reise"},"content":{"rendered":"<div id=\"attachment_7416\" style=\"width: 1919px\" class=\"wp-caption alignleft\"><a href=\"https:\/\/sy-akka.de\/wordpress\/reiseverlauf\/reise-07-22-2\/\" rel=\"attachment wp-att-7416\"><img loading=\"lazy\" decoding=\"async\" aria-describedby=\"caption-attachment-7416\" data-attachment-id=\"7416\" data-permalink=\"https:\/\/sy-akka.de\/wordpress\/reiseverlauf\/reise-07-22-2\/\" data-orig-file=\"https:\/\/i0.wp.com\/sy-akka.de\/wordpress\/wp-content\/Reise-07-22-1.jpg?fit=1909%2C990&amp;ssl=1\" data-orig-size=\"1909,990\" data-comments-opened=\"0\" data-image-meta=\"{&quot;aperture&quot;:&quot;0&quot;,&quot;credit&quot;:&quot;&quot;,&quot;camera&quot;:&quot;&quot;,&quot;caption&quot;:&quot;&quot;,&quot;created_timestamp&quot;:&quot;0&quot;,&quot;copyright&quot;:&quot;&quot;,&quot;focal_length&quot;:&quot;0&quot;,&quot;iso&quot;:&quot;0&quot;,&quot;shutter_speed&quot;:&quot;0&quot;,&quot;title&quot;:&quot;&quot;,&quot;orientation&quot;:&quot;0&quot;}\" data-image-title=\"Reise 07-22\" data-image-description=\"\" data-medium-file=\"https:\/\/i0.wp.com\/sy-akka.de\/wordpress\/wp-content\/Reise-07-22-1.jpg?fit=300%2C156&amp;ssl=1\" data-large-file=\"https:\/\/i0.wp.com\/sy-akka.de\/wordpress\/wp-content\/Reise-07-22-1.jpg?fit=584%2C303&amp;ssl=1\" class=\"wp-image-7416 size-full\" src=\"https:\/\/i0.wp.com\/sy-akka.de\/wordpress\/wp-content\/Reise-07-22-1.jpg?resize=584%2C303&#038;ssl=1\" alt=\"\" width=\"584\" height=\"303\" srcset=\"https:\/\/i0.wp.com\/sy-akka.de\/wordpress\/wp-content\/Reise-07-22-1.jpg?w=1909&amp;ssl=1 1909w, https:\/\/i0.wp.com\/sy-akka.de\/wordpress\/wp-content\/Reise-07-22-1.jpg?resize=300%2C156&amp;ssl=1 300w, https:\/\/i0.wp.com\/sy-akka.de\/wordpress\/wp-content\/Reise-07-22-1.jpg?resize=1024%2C531&amp;ssl=1 1024w, https:\/\/i0.wp.com\/sy-akka.de\/wordpress\/wp-content\/Reise-07-22-1.jpg?resize=768%2C398&amp;ssl=1 768w, https:\/\/i0.wp.com\/sy-akka.de\/wordpress\/wp-content\/Reise-07-22-1.jpg?resize=1536%2C797&amp;ssl=1 1536w, https:\/\/i0.wp.com\/sy-akka.de\/wordpress\/wp-content\/Reise-07-22-1.jpg?resize=500%2C259&amp;ssl=1 500w, https:\/\/i0.wp.com\/sy-akka.de\/wordpress\/wp-content\/Reise-07-22-1.jpg?w=1168&amp;ssl=1 1168w, https:\/\/i0.wp.com\/sy-akka.de\/wordpress\/wp-content\/Reise-07-22-1.jpg?w=1752&amp;ssl=1 1752w\" sizes=\"(max-width: 584px) 100vw, 584px\" data-recalc-dims=\"1\" \/><\/a><p id=\"caption-attachment-7416\" class=\"wp-caption-text\">Akka. Eine Langfahrt<\/p><\/div>\n<p style=\"text-align: center;\">Wer Details zu diesem Bild wissen m\u00f6chte, klickt auf das folgende<br \/>\n<a href=\"https:\/\/www.google.com\/maps\/d\/u\/0\/viewer?mid=17MaXUuL7YforT7A06lLg0oyNE_M\" target=\"_blank\" rel=\"noopener noreferrer\"><strong>Link zur Google-Maps-Seite!<\/strong><\/a><\/p>\n<p>&nbsp;<\/p>\n<p style=\"text-align: center;\"><strong>Unsere aktuelle Position<\/strong><\/p>\n<p style=\"text-align: left;\">\u00dcber die nachfolgenden Links kann man sehen, wo AKKA sich zur Zeit befindet.\u00a0 Es gibt drei verschiedene M\u00f6glichkeiten, wenn die eine es nicht tut, dann die andere&#8230;<\/p>\n<p style=\"text-align: center;\"><a href=\"http:\/\/www.yachttrack.org\/yacht_info\/getShipInfo.php?MyCallSign=DF4AA\" target=\"_blank\" rel=\"noopener noreferrer\"><strong>INTERMAR<\/strong><\/a> \u00a0 oder<strong>\u00a0 <a href=\"http:\/\/shiptrak.org\/?callsign=df4aa&amp;amp;filter=30&quot;\">SHIPTRAK<\/a>\u00a0<\/strong> oder\u00a0 <a href=\"https:\/\/cms.winlink.org:444\/maps\/PositionReports.aspx?callsign=DF4AA&amp;title=Position%20Reports%20for%20DF4AA\" target=\"_blank\" rel=\"noopener noreferrer\"><strong>WINLINK<\/strong><\/a><\/p>\n<p>Wer sich die Position als Satellitenbild anschauen m\u00f6chte, klickt oben rechts auf Satellit &#8211; dann sieht man schon ziemlich gut, in was f\u00fcr einer Umgebung wir uns aufhalten&#8230;<\/p>\n<p>Die Kommentare sind seit einiger Zeit in Englisch &#8211; es gibt einfach zu viele andere Segler, die sich gegenseitig suchen und dann mit Deutsch wenig anfangen k\u00f6nnen. Wir bitten um Nachsicht!<\/p>\n<h2 style=\"text-align: center;\"><strong>\u00a0<\/strong><\/h2>\n<hr \/>\n<h2 style=\"text-align: center;\"><strong>Der Reiseverlauf<\/strong><\/h2>\n<hr \/>\n<p style=\"text-align: center;\"><strong>2007<br \/>\n<\/strong>Juli &#8211; Dezember &#8211;\u00a0 von Hamburg \u00fcber die iberische Halbinsel und Madeira zu den Kanaren<\/p>\n<p style=\"text-align: center;\"><strong>2008<\/strong><br \/>\nFebruar &#8211; April\u00a0 &#8211; von den Kanaren via Senegal nach Gambia<br \/>\nApril &#8211; August\u00a0\u00a0 &#8211; von Gambia \u00fcber Fernando de Noronha\u00a0 nach Jacar\u00e9 \/ Brasilien<br \/>\nAugust-November &#8211; gro\u00dfe R\u00fccksackreise auf dem Amazonas und durch die Anden<br \/>\nDezember\u00a0 &#8211; Von Brasilien nach Suriname \u00fcber Kourou\/Franz. Guayana<\/p>\n<p style=\"text-align: center;\"><strong>2009<br \/>\n<\/strong>Januar\u00a0 &#8211; Suriname-Trinidad \u00fcber Tobago<br \/>\nFebruar &#8211; Juli\u00a0 &#8211; Arbeitsaufenthalt in Chaguaramas\/Trinidad<br \/>\nJuli &#8211; Oktober\u00a0 &#8211; Grenada, Union Island und Venezuela<br \/>\nOktober &#8211;\u00a0 Dezember\u00a0 &#8211; \u00fcber die ABC-Inseln bis Cartagena\/Kolumbien<\/p>\n<p style=\"text-align: center;\"><strong>2010<\/strong><br \/>\nJanuar-M\u00e4rz\u00a0 &#8211; von Kolumbien durch die San Blas Inseln nach Col\u00f3n\/Panam\u00e0\u00a1<br \/>\nApril &#8211; September\u00a0 &#8211; von Panam\u00e0\u00a1 City via Galapagos nach Franz\u00f6sisch Polynesien<br \/>\nAugust &#8211; Dezember\u00a0 &#8211; \u00fcber die Cook Islands und Tonga nach Neuseeland<\/p>\n<p style=\"text-align: center;\"><strong>2011<br \/>\n<\/strong>Februar-M\u00e4rz\u00a0 &#8211;\u00a0 Rundreise durch Neuseeland<br \/>\nApril &#8211; Mai &#8211; DeutschlandNeuseeland<br \/>\nJuni &#8211; Juli\u00a0 &#8211; Werftarbeiten und Warten auf ein Wetterfenster<br \/>\nAugust &#8211; Dezember\u00a0 &#8211; Neuseeland-Tonga-Neuseeland<\/p>\n<p style=\"text-align: center;\"><strong>2012<\/strong><br \/>\nFebruar &#8211; Mai\u00a0\u00a0 &#8211; Campingreise &#8222;Australia&#8220;, S\u00fcdosten und Zentrum<br \/>\nMai &#8211; Dezember\u00a0 &#8211; von Neuseeland via Tonga nach Samoa und Fiji und zur\u00fcck<\/p>\n<p style=\"text-align: center;\"><strong>2013<\/strong><br \/>\nFebruar &#8211; Mai\u00a0\u00a0 &#8211; Campingreise &#8222;Australia&#8220;, Adelaide-Adelaid. Auf ungeteerten Stra\u00dfen durch&#8217;s Zentrum.<br \/>\nJuni -Juli &#8211;\u00a0 Neukaledonien<br \/>\nAugust &#8211; November &#8211; Vanuatu Neuseeland<br \/>\nDezember\u00a0 &#8211; Vanuatu- Neukaledonien-Bundaberg\/Australien<\/p>\n<p style=\"text-align: center;\"><strong>2014<\/strong><br \/>\nJanuar-Juni &#8211; Akka bleibt in Scarborough\/Queensland<br \/>\nFebruar &#8211; M\u00e4rz \u00a0 &#8211; mit dem Zug von Saigon nach Berlin. .<br \/>\nApril &#8211; in Deutschland, ein bisschen sehr kurz&#8230;<br \/>\nJuni- Juli\u00a0 von Brisbane nach Darwin<br \/>\nAugust &#8211; Oktober\u00a0 &#8211; Indonesien<br \/>\nNovember- Dezember\u00a0 &#8211; via Singapur nach Malaysia<\/p>\n<p style=\"text-align: center;\"><strong>2015<\/strong><br \/>\nJanuar bis Juli \u00a0 &#8211; AKKA &#8222;on the hard&#8220; in Pangkor Island\/Malaysia<br \/>\nRucksackreise durch Malaysia\/Thailand\/Laos und Cambodia<br \/>\nArbeiten am Schiff<br \/>\nAugust\/September: \u00fcber Jakarta nach Cocos Keeling<br \/>\nOktober &#8211; von\u00a0 Cocos Keeling nach Rodrigues\/Mauritius und R\u00e9union<br \/>\nNovember &#8211; R\u00e9union-S\u00fcdafrika<br \/>\nDezember &#8211; in Richards Bay, Kwa Zulu Natal<\/p>\n<p style=\"text-align: center;\"><strong>2016<\/strong><br \/>\nJanuar bis Ende Mai &#8211; AKKA im Royal Cape Yacht Club in Kapstadt<br \/>\nRucksackreise mit dem Zug von Kapstadt nach Dar es Salaam<br \/>\nCampingtrip durch Namibia<br \/>\nEnde Mai &#8211; Kapstadt-St. Helena via L\u00fcderitz\/Namibia<br \/>\nJuni &#8211; St. Helena<\/p>\n<p style=\"text-align: center;\">17. Juli &#8211; AKKA kreuzt in der Hafeneinfahrt von Cabedelo ihren Ausgangskurs von 2008<br \/>\nWir sind &#8222;rum&#8220;! AKKA bleibt zun\u00e4chst in Jacar\u00e9 liegen<\/p>\n<p style=\"text-align: center;\">August &#8211; Deutschlandbesuch<br \/>\nab September &#8211; mehrmonatiger Backpackingtrip durch Chile und Argentinien<\/p>\n<p style=\"text-align: center;\"><strong>2017<\/strong><br \/>\nEnde Januar &#8211; R\u00fcckkehr aus dem S\u00fcden S\u00fcdamerikas<br \/>\nApril &#8211; Brasilien-Franz\u00f6sisch Guyana<br \/>\nMai &#8211; Suriname<br \/>\nJuni &#8211; Suriname-Trinidad &amp; Tobago<br \/>\nJuli &#8211; November\u00a0 &#8211; AKKA liegt bei Power Boats in Chaguaramas auf dem Trockenen, Pflege, Wartung, Hurrikansaison<br \/>\nDezember &#8211; Aufbruch nach Norden, Grenada&#8230;<\/p>\n<p style=\"text-align: center;\"><strong>2018<br \/>\n<\/strong>Januar bis Juni &#8211; eine Antillenrunde von Grenada nach St. Martin und zur\u00fcck<br \/>\nab Juli\u00a0 \u00a0&#8211; Sommerliegeplatz in Trinidad<br \/>\nDezember &#8211; Abreise nach Grenada<\/p>\n<p style=\"text-align: center;\"><strong>2019<br \/>\n<\/strong>Januar\/Februar &#8211; Grenada \u00fcber Los Roques\/Venezuela nach Bonaire<br \/>\nM\u00e4rz &#8211; von Curacao nach Jamaica<br \/>\nApril\/Mai &#8211; Kuba<br \/>\nMai\/Juni &#8211; Florida\/USA<br \/>\nJuli &#8211; nordw\u00e4rts in die Chesapeake Bay<br \/>\nab August an Land in Deltaville\/Virginia<br \/>\nSeptember\/Oktober mit dem PKW nach Nova Scotia\/Kanada und zur\u00fcck<br \/>\nNovember\/Dezember\/Januar &#8211;\u00a0 Flugreise nach Deutschland<\/p>\n<p style=\"text-align: center;\"><strong>2020<br \/>\n<\/strong>Ende Januar-April Rucksackreise nach Mittelamerika<br \/>\n&#8230; in Guatemala schlie\u00dfen sich im M\u00e4rz coronabedingt die Grenzen:<br \/>\n4 Monate in einer kleinen H\u00fctte am Rio Dulce<br \/>\nEnde Juli lassen uns die Amerikaner zur\u00fcck zum Schiff<\/p>\n<p>November: durch den ICW nach Beaufort NC und weiter nach Florida<\/p>\n<p style=\"text-align: center;\"><strong>2021<br \/>\n<\/strong>Januar bis Juni: in den Bahamas<br \/>\nJuni bis Dezember kleines Atlantik-Refit im Stingray Point Boatyard<br \/>\nWeihnachten in Beaufort\/NC<\/p>\n<p style=\"text-align: center;\"><strong>2022<br \/>\n<\/strong>Januar &#8211;\u00a0 noch einmal die US-Ostk\u00fcste s\u00fcdw\u00e4rts nach Florida<br \/>\nab MItte Februar in den Bahamas<\/p>\n<p style=\"text-align: center;\">Mai bis August Transatlantik &#8222;West-Ost&#8220;<br \/>\nBahamas-Bermuda-Azoren bis Falmouth\/England<\/p>\n<p style=\"text-align: center;\">&#8211; am 11.9. ist Akka zur\u00fcck in Deutschland<br \/>\n&#8211; \u00dcberwinterung in der Lloyd Marina Bremerhaven<\/p>\n<p>Stand: November 2022<\/p>\n<p style=\"text-align: center;\"><strong>\u00a0<\/strong><\/p>\n","protected":false},"excerpt":{"rendered":"<p>Wer Details zu diesem Bild wissen m\u00f6chte, klickt auf das folgende Link zur Google-Maps-Seite! &nbsp; Unsere aktuelle Position \u00dcber die nachfolgenden Links kann man sehen, wo AKKA sich zur Zeit befindet.\u00a0 Es gibt drei verschiedene M\u00f6glichkeiten, wenn die eine es &hellip; <a href=\"https:\/\/sy-akka.de\/wordpress\/reiseverlauf\/\">Weiterlesen <span class=\"meta-nav\">&rarr;<\/span><\/a><\/p>\n","protected":false},"author":1,"featured_media":0,"parent":0,"menu_order":0,"comment_status":"closed","ping_status":"closed","template":"","meta":{"spay_email":"","footnotes":""},"jetpack_sharing_enabled":true,"jetpack_shortlink":"https:\/\/wp.me\/P9lYZL-tU","jetpack_likes_enabled":true,"jetpack-related-posts":[],"_links":{"self":[{"href":"https:\/\/sy-akka.de\/wordpress\/wp-json\/wp\/v2\/pages\/1854"}],"collection":[{"href":"https:\/\/sy-akka.de\/wordpress\/wp-json\/wp\/v2\/pages"}],"about":[{"href":"https:\/\/sy-akka.de\/wordpress\/wp-json\/wp\/v2\/types\/page"}],"author":[{"embeddable":true,"href":"https:\/\/sy-akka.de\/wordpress\/wp-json\/wp\/v2\/users\/1"}],"replies":[{"embeddable":true,"href":"https:\/\/sy-akka.de\/wordpress\/wp-json\/wp\/v2\/comments?post=1854"}],"version-history":[{"count":35,"href":"https:\/\/sy-akka.de\/wordpress\/wp-json\/wp\/v2\/pages\/1854\/revisions"}],"predecessor-version":[{"id":7417,"href":"https:\/\/sy-akka.de\/wordpress\/wp-json\/wp\/v2\/pages\/1854\/revisions\/7417"}],"wp:attachment":[{"href":"https:\/\/sy-akka.de\/wordpress\/wp-json\/wp\/v2\/media?parent=1854"}],"curies":[{"name":"wp","href":"https:\/\/api.w.org\/{rel}","templated":true}]}}