{"id":1886,"date":"2012-10-01T22:27:15","date_gmt":"2012-10-01T09:27:15","guid":{"rendered":"http:\/\/sy-akka.de\/wordpress\/?page_id=1886"},"modified":"2022-07-09T13:07:46","modified_gmt":"2022-07-09T17:07:46","slug":"pantry","status":"publish","type":"page","link":"https:\/\/sy-akka.de\/wordpress\/pantry\/","title":{"rendered":"Pantry"},"content":{"rendered":"<p><strong>BROTBACKEN<\/strong><\/p>\n<p style=\"text-align: justify;\">Brotbacken ist nat\u00fcrlich abh\u00e4ngig von der Verf\u00fcgbarkeit von vern\u00fcnftigen Mehlen, und das kann in den Tropen schon mal schwierig werden, oder auch nur in L\u00e4ndern, in denen man gern &#8222;Luffen&#8220; isst&#8230;<\/p>\n<p style=\"text-align: justify;\">Wei\u00dfmehl ist nat\u00fcrlich selten oder nie ein Problem, und so sehr es einen auch schrecken mag, dass bei den amerikanischen Importmehlen immer &#8222;irgendwas&#8220; beigesetzt scheint, meist Ascorbins\u00e4ure, so sehr bew\u00e4hren sie diese Mehle dann, wenn es um Haltbarkeit geht. Am besten halten sich von den Brotgrundstoffen allerdings K\u00f6rner, und so bin ich auf steter Suche nac h Weizen- und Roggen-k\u00f6rnern. Und nat\u00fcrlich nach Roggenmehl. Roggenmehle haben wir bisher gefunden in Brasilien, Trinidad und auf Grenada &#8211; brasilianisches ist leicht ger\u00e4uchert, schmeckt aber nicht schlecht, die anderen sind US-Importmehle, die trotz ihrer Eigenschaft als Vollkornmehl eine erstaunlich lange Haltbarkeit aufwiesen. Backen wir mit K\u00f6rnern, wird das Mehl bzw. der Schrot mit einer Handm\u00fchle gemahlen, w\u00e4hrend der Hefe-Vorteig geht, f\u00fcr den wir Trockenhefe benutzen. Ab den Kanaren gab es daf\u00fcr vakuumisierte 250 g-P\u00e4ckchen zu erwerben, die sich dann in ein <a href=\"http:\/\/www.die-perfekte-hausfrau24.de\/index.php?cPath=30\">Lock&amp;lock-Beh\u00e4ltnis <\/a>geleert \u00fcber Monate treibf\u00e4hig h\u00e4lt (hier mal verlinkt, weil das aus meiner Sicht die einzige Dose ist, die verdient mit &#8222;perfectly airtight&#8220; beworben zu werden. Da ist bei uns alles drin, Essen, N\u00e4hutensilien Sch\u00e4kel, Elektronik).<\/p>\n<p style=\"text-align: justify;\">Und Brot wird alle 4-5 Tage gebacken &#8211; meist zwei Laibe aus ungef\u00e4hr 1,5 kg Mehl\/Schrot. Triebmittel ist Hefe plus Trockensauer &#8211; die Aufzucht und Versorgung eigenen Sauers ist mir bei den wechselnden K\u00fchlbedingungen einfach zu anstrengend, und der Trockensauer funktioniert hervorragend und ist sehr schmackhaft. Beziehen kann man den beim <a href=\"http:\/\/www.sauerbrot.de\/\">segelnden Windm\u00fcller und B\u00e4cker Helmut <\/a>, und der stellt auf seiner Seite auch gleich ein gut funktionierendes Grundrezept vor.<br \/>\nAnsonsten: &#8222;bread happens&#8220;; es ist niemals wirklich gleich.<\/p>\n<p>&#8212;&#8212;&#8212;&#8212;&#8212;&#8212;&#8212;&#8212;&#8212;&#8212;&#8212;&#8212;&#8212;&#8212;&#8212;&#8212;&#8212;&#8212;&#8212;&#8212;&#8212;&#8212;&#8212;&#8212;&#8212;&#8212;&#8212;&#8212;&#8212;&#8212;&#8211;<\/p>\n<p><strong>Das AKKA &#8222;es ist zu hei\u00df zum Backen&#8220;-Brot (aka &#8222;no Knead Bread&#8220;)<\/strong><\/p>\n<p style=\"text-align: justify;\">Nach der 2017er Saison in Trinidad mit schrecklichem Toastbrot aus der T\u00fcte und nachdem wir in den franz\u00f6sischen Inseln mit Pain Rustique etc. verw\u00f6hnt wurden, sind wir trotz der Hitze, die Brotbacken mit sich bringt, wieder zum Selberbacken \u00fcbergegangen. Damit man nicht zu lange Zeit in der ohnehin sehr warmen Kabine zubringt, fiel die Wahl auf ein &#8222;no-Knead-Bread&#8220;\u00a0 &#8211; die lange Stehzeit des rohen Teiges hat den gleichen Effekt wie das Kneten, n\u00e4mlich das Gluten aufzuschlie\u00dfen und eine entsprechende Krume zu erzeugen. Au\u00dferdem ist frau nicht \u00fcber mehrere Stunden ans Boot gebunden, denn es geht beim normalen Brot ja nicht nur um das Kneten, sondern auch das mehrfache Gehenlassen des Teiges.\u00a0 Hier ist mein Rezept:<\/p>\n<p>Zutaten:<br \/>\n2 Becher* Roggenmehl<br \/>\n4 Becher Weizenmehl (in beiden F\u00e4llen auch Vollkorn )<br \/>\n1\/2 Becher Weizengries, wenn verf\u00fcgbar<br \/>\n1\/2 EL Trockenhefe<br \/>\nca. 2 EL Salz<br \/>\nFenchel und K\u00fcmmel<br \/>\n1 EL Trockensauer (optional) **<br \/>\nca.\u00a0 Becher &#8211; also 50% des Mehlvolumens Wasser<br \/>\nIch benutze mindestens 1\/2 Becher Joghurtmolke oder mix 1 EL Joghurt unter das Wasser.<\/p>\n<p>Vorgehensweise:<br \/>\nIm M\u00f6rser 1 EL Salz mit den Fenchel- und K\u00fcmmelk\u00f6rnern m\u00f6rsern, es d\u00fcrfen ruhig Samenk\u00f6rner \u00fcbrig bleiben. Hefe, den Rest Salz, das Trockensauerpulver und die Salz-W\u00fcrzmischung in die Sch\u00fcssel geben, die H\u00e4lfte Mehl darauf ausleeren und durchmischen, danach den Rest Mehl ebenfalls untermischen. Jetzt kann man auch Leinsamen oder K\u00fcrbis- oder Sonnenblumenkerne untermischen.<\/p>\n<p>Als erstes das Joghurt- oder Molkegemisch auf das Mehl geben und untermsichen, danach einen weiteren Becher Fl\u00fcssigkeit dazugeben und einr\u00fchren. Der Teig sollte keine trockenen Mehlreste mehr zeigen &#8211; den letzten Becher Wasser gebe ich schussweise zu, h\u00e4ufig reicht mir dei Konsistenz nach einem halben Becher schon, das kommt auf das Augenma\u00df an, wie voll ich meine Mehlbecher gef\u00fcllt hatte. Bei h\u00f6herem Vollkornanteil bin ich gro\u00dfz\u00fcgiger. Anmerkung: wenn der Teig sehr feucht ist, gibt es hinterher eine recht gro\u00dfporige, feuchte Krume; nicht schlecht eigentlich, und der Eigner sagt dazu, dass dann mehr Butter auf die Brotscheibe passt. Ich ziehe eine etwas trockenere Konsistenz vor &#8211; muss man probieren. In jedem Fall ist der Teig nicht fl\u00fcssig, aber auch nicht gar zu fest.<\/p>\n<p>Den Teig abdecken und f\u00fcr 8-12, oder auch f\u00fcr 18 Stunden zur Seite stellen.<\/p>\n<p>Zum Backen den Gasofen auf volle Hitze aufheizen, wir erreichen knapp 300 \u00b0C. Die Form stelle ich mit in den aufheizenden Ofen. Wenn der Ofen auf Hitze ist, die Form herausnehmen, ein Blatt Backpapier hineinlegen und den Teig aus der Sch\u00fcssel in die Form gleiten lassen. Etwas Mehl aufstreuen und sachte glattstreichen und mit einem scharfen Messer einschneiden.<br \/>\n40 Minuten bei voller Hitze backen &#8211; ich decke im Gegensatz zu &#8222;no-knead-Bread&#8220;-Anweisungen das Brot nicht zu, daf\u00fcr backe ich l\u00e4nger. Nach 40 Minuten drehe ich das Brot um und h\u00e4nge nochmals 30 Minuten Backzeit dran.<\/p>\n<p>Herausnehmen und abk\u00fchlen lassen. Fertig ist ein gutes Mischbrot.<\/p>\n<p>&nbsp;<\/p>\n<p>*Ein Becher ist eine normale Kaffee-Mug mit 240 ml Inhalt<\/p>\n<p>** Trockensauer gibt es beim <a href=\"http:\/\/www.sauerbrot.de\">Windm\u00fcller und B\u00e4cker H.v. Straelen im Onlineversand<\/a> oder im Reformhaus. Achtung, es gibt auch Trockensauer-Mehlmischungen, wo man dann 250g der Mischung pro Brot braucht, solche Vorr\u00e4te sind nicht schiffskompatibel. Es muss Trockensauerpulver sein, das man l\u00f6ffelweise benutzt.<\/p>\n<p>Mittlerweile benutze ich selbst angesetzten Sauer. Ich nehme davon ungef\u00e4hr 2 EL ab und stelle sie bis zum n\u00e4chsten Backen in einem Gl\u00e4schen in den K\u00fchlschrank. Kein Dauerf\u00fcttern notwendig.<br \/>\n&#8212;&#8212;&#8212;&#8212;&#8212;&#8212;&#8212;&#8212;&#8212;&#8212;&#8212;&#8212;&#8212;&#8212;&#8212;&#8212;&#8212;&#8212;&#8212;&#8212;&#8212;&#8212;&#8212;&#8212;&#8212;&#8212;&#8212;&#8212;&#8212;&#8212;&#8211;<\/p>\n<p><strong>Joghurt<\/strong><\/p>\n<p>Eine kleine Photoserie aus dem Blog, denn Joghurt-Produktion ist wirklich einfach, auch wenn es kompliziert aussieht &#8211; dies ist der iditoensichere Weg!<br \/>\n<em>Making yoghurt is extremely easy &#8211; so here are some photographs of how I do it . It may seem more complicated than you expect, but this is the &#8222;safe way&#8220;:<\/em><\/p>\n<dl>\n<dt><a title=\"Joghurt 1\" href=\"http:\/\/sy-akka.de\/wordpress\/2011\/09\/22\/alltagsgeschichten-aus-neiafu\/joghurt-1-2\/\"><img loading=\"lazy\" decoding=\"async\" title=\"Joghurt 1\" src=\"https:\/\/i2.wp.com\/sy-akka.de\/wordpress\/wp-content\/Joghurt-11-150x150.jpg?resize=150%2C150\" alt=\"F\u00fcr einen dicken Joghurt 1 Teil Milchpulver, 2 Teile zimmerwarmes Wasser (ohne Chlor, ohne Silberionen).\" width=\"150\" height=\"150\" data-recalc-dims=\"1\" \/><\/a><\/dt>\n<dd>F\u00fcr einen dicken Joghurt mindestens 1 Teil Milchpulver, 2 Teile zimmerwarmes Wasser (ohne Chlor, ohne Silberionen). Je mehr Milchpulver, umso dicker<br \/>\n<em>For a thick yoghurt &#8222;greek style&#8220; you need 1 part of milk powder plus 2 parts of luke warm water (no chlorine, no silver iodides! )\u00a0 the more milk powder the thicker the consistence.<\/em><\/dd>\n<\/dl>\n<dl>\n<dt><a title=\"Joghurt 2\" href=\"http:\/\/sy-akka.de\/wordpress\/2011\/09\/22\/alltagsgeschichten-aus-neiafu\/joghurt-2\/\"><img loading=\"lazy\" decoding=\"async\" title=\"Joghurt 2\" src=\"https:\/\/i0.wp.com\/sy-akka.de\/wordpress\/wp-content\/Joghurt-2-150x150.jpg?resize=150%2C150\" alt=\"Die Becher auf 2\/3 auff\u00fcllen. Links steht schon die &quot;alte&quot; Kultur\" width=\"150\" height=\"150\" data-recalc-dims=\"1\" \/><\/a><\/dt>\n<dd>Die Becher auf 2\/3 mit Wasser auff\u00fcllen und das Milchpulver aufl\u00f6sen. Links steht schon die &#8222;alte\u20ac\u009d Kultur als Starter.\u00a0 Um v\u00f6llig sicher zu gehen, kann man 42\u00b0 warmes Wasser nehmen.<br \/>\n<em>Fill the container to 2 thirds and dissolve the milk pwder, on the left you see the old yoghurt culture<\/em> <em>used as a starter If you want to be sure, take 42\u00b0C warm water<\/em><\/dd>\n<\/dl>\n<dl>\n<dt><a title=\"Joghurt 3\" href=\"http:\/\/sy-akka.de\/wordpress\/2011\/09\/22\/alltagsgeschichten-aus-neiafu\/joghurt-3\/\"><img loading=\"lazy\" decoding=\"async\" title=\"Joghurt 3\" src=\"https:\/\/i2.wp.com\/sy-akka.de\/wordpress\/wp-content\/Joghurt-3-150x150.jpg?resize=150%2C150\" alt=\"auf 850 ml Fl\u00fcssigkeit ungef\u00e4hr 2 EL von der alten Kultur, vorsichtig umr\u00fchren (nicht sch\u00fctteln, Joghurt mag keine Luft!)\" width=\"150\" height=\"150\" data-recalc-dims=\"1\" \/><\/a><\/dt>\n<dd>auf 850 ml Fl\u00fcssigkeit ungef\u00e4hr 2 EL von der alten Kultur, vorsichtig umr\u00fchren (nicht sch\u00fctteln, Joghurt mag keine Luft!)<br \/>\n<em>I use 850 ml containers &#8211; add 2 tablespoons of the old joghurt and stir gently &#8211; do not shake, yoghurt bacteria do not like oxygene<\/em><\/dd>\n<\/dl>\n<p>&nbsp;<\/p>\n<dl>\n<dt><a title=\"Joghurt 4\" href=\"http:\/\/sy-akka.de\/wordpress\/2011\/09\/22\/alltagsgeschichten-aus-neiafu\/joghurt-4\/\"><img loading=\"lazy\" decoding=\"async\" title=\"Joghurt 4\" src=\"https:\/\/i2.wp.com\/sy-akka.de\/wordpress\/wp-content\/Joghurt-4-150x150.jpg?resize=150%2C150\" alt=\"Wenn die Joghurtkultur gut verteilt ist, die Becher ganz f\u00fcllen und schlie\u00dfen\" width=\"150\" height=\"150\" data-recalc-dims=\"1\" \/><\/a><\/dt>\n<dd>Wenn die Joghurtkultur gut verteilt ist, die Becher ganz f\u00fcllen und schlie\u00dfen<br \/>\n<em>When the yoghurt is dissolved without lumps, fill up the container and close it.<\/em><\/dd>\n<\/dl>\n<dl>\n<dt><a title=\"Joghurt 5\" href=\"http:\/\/sy-akka.de\/wordpress\/2011\/09\/22\/alltagsgeschichten-aus-neiafu\/joghurt-5\/\"><img loading=\"lazy\" decoding=\"async\" title=\"Joghurt 5\" src=\"https:\/\/i2.wp.com\/sy-akka.de\/wordpress\/wp-content\/Joghurt-5-150x150.jpg?resize=150%2C150\" alt=\"Das Warmwasserbad mit 50 Grad hei\u00dfem Wasser f\u00fcllen\" width=\"150\" height=\"150\" data-recalc-dims=\"1\" \/><\/a><\/dt>\n<dd>Das Warmwasserbad mit 50 Grad hei\u00dfem Wasser f\u00fcllen &#8211; je gr\u00f6\u00dfer das Volumen, umso besser wird die W\u00e4rme gehalten<br \/>\n<em>Fill a larger container with 50\u00b0 warm water.\u00a0 The larger this &#8222;bain marie&#8220; is, the better it holds the temperature.<\/em><\/dd>\n<\/dl>\n<dl>\n<dt><a title=\"Joghurt 6\" href=\"http:\/\/sy-akka.de\/wordpress\/2011\/09\/22\/alltagsgeschichten-aus-neiafu\/joghurt-6\/\"><img loading=\"lazy\" decoding=\"async\" title=\"Joghurt 6\" src=\"https:\/\/i0.wp.com\/sy-akka.de\/wordpress\/wp-content\/Joghurt-6-150x150.jpg?resize=150%2C150\" alt=\"Beh\u00e4lter schlie\u00dfen\" width=\"150\" height=\"150\" data-recalc-dims=\"1\" \/><\/a><\/dt>\n<dd>Beh\u00e4lter schlie\u00dfen<br \/>\n<em>Close the &#8222;bain marie&#8220;<\/em><\/dd>\n<\/dl>\n<dl>\n<dt><a title=\"Joghurt 7\" href=\"http:\/\/sy-akka.de\/wordpress\/2011\/09\/22\/alltagsgeschichten-aus-neiafu\/joghurt-7\/\"><img loading=\"lazy\" decoding=\"async\" title=\"Joghurt 7\" src=\"https:\/\/i1.wp.com\/sy-akka.de\/wordpress\/wp-content\/Joghurt-7-150x150.jpg?resize=150%2C150\" alt=\"Die Kiste verschwindet in eine TK-Isoliert\u00fcte ...\" width=\"150\" height=\"150\" data-recalc-dims=\"1\" \/><\/a><\/dt>\n<dd>Die Kiste verschwindet in eine TK-Isoliert\u00fcte \u20ac\u00a6<br \/>\n<em>&#8230; I use a thermo bag for frozen food to help keeping the temperature<\/em><\/dd>\n<\/dl>\n<dl>\n<dt><a title=\"Joghurt 8\" href=\"http:\/\/sy-akka.de\/wordpress\/2011\/09\/22\/alltagsgeschichten-aus-neiafu\/joghurt-8\/\"><img loading=\"lazy\" decoding=\"async\" title=\"Joghurt 8\" src=\"https:\/\/i0.wp.com\/sy-akka.de\/wordpress\/wp-content\/Joghurt-8-150x150.jpg?resize=150%2C150\" alt=\"... und reift der Joghurt 8 Stunden in einer Isoliertasche (danke Schwester, sie lebt immer noch!)\" width=\"150\" height=\"150\" data-recalc-dims=\"1\" \/><\/a><\/dt>\n<dd>\u20ac\u00a6 und reift der Joghurt 8 Stunden in einer Isoliertasche unter Denken oder Kissen<br \/>\n<em>&#8230; give the joghurt 8 hours to grow &#8211; in a thermo bag which i bury under blankets or cushions<\/em><\/dd>\n<dd><\/dd>\n<dd>Auch 24 Stunden im Wasserbad vergessener Joghurt \u00fcberlebt die Prozedur&#8230;<br \/>\nDer ist dann richtig sauer, low carb und&#8230;\u00a0 h\u00e4lt sich extrem lang!<br \/>\n<em>Should you forget the yoghurt and let it grow for 24 hours is still edible &#8211; but quite sour. Advantage: it keeps for ages and it is absolutely &#8222;low carb&#8220;.<\/em><\/dd>\n<dd><em>The secrets of yoghurt making are:<\/em><\/dd>\n<dd><em>1. keep the culture free of other germs &#8211; clean containers and spoons thoroughly.<\/em><\/dd>\n<dd><em>2. Water quality: any kind of chemical disinfection must interfere with the growth of yoghurt bacteria, so take plain water. If in doubt, boil the water and let it cool down.<\/em><\/dd>\n<dd><em>3. Temperature: growth is best between 40 and 45 \u00b0C &#8211; the more even the temperature level, the better.\u00a0 Temperatures over 50\u00b0C will result in a grainiy texture of the yoghurt. Yoghurt fermented under 40 \u00b0C does not keep well!<\/em><em>Runny yoghurt &#8211; too short fermented \u00a0 or temperature under 40\u00b0 . Another reason may be that the containers were not clean or the starter is too old. Quite some yoghurts you buy in the tropics are &#8222;dead&#8220;, so you cannot use them to start a new one.<\/em><\/dd>\n<dd><em>If your yoghurt shows pink or red dots, it is infected with yeast &#8211; get rid of it and start with a fresh culture.<\/em><\/dd>\n<\/dl>\n<p>&nbsp;<\/p>\n<p>&#8212;&#8212;&#8212;&#8212;&#8212;&#8212;&#8212;&#8212;&#8212;&#8212;&#8212;&#8212;&#8212;&#8212;&#8212;&#8212;&#8212;&#8212;&#8212;&#8212;&#8212;&#8212;&#8212;&#8212;&#8212;&#8212;&#8212;&#8212;&#8212;&#8212;&#8212;<\/p>\n<p><strong>Quark<\/strong><\/p>\n<p style=\"text-align: justify;\">Man ben\u00f6tigt:<br \/>\nMilch<br \/>\netwas Joghurt\/Buttermilch<br \/>\nLab<br \/>\nMulltuch und entsprechende Gef\u00e4\u00dfe<\/p>\n<p>2 l Milch werden in ein sauberes, hei\u00df ausgesp\u00fcltes Gef\u00e4\u00df gegeben. Zum Ans\u00e4uern ungef\u00e4hr 2 EL Joghurt fl\u00fcssig r\u00fchren und mit der Milch vermischen; ersatzweise kann man auch 1 TL Zitronensaft ans\u00e4uern. Gef\u00e4\u00df schlie\u00dfen und 2-3 Stunden bei Raumtemperatur stehen lassen, .<br \/>\nInzwischen eine Labverd\u00fcnnung ansetzen: 1,5 ml fl\u00fcssiges Lab mit 20 ml sauberem Wasser mischen.<br \/>\nNach Ablauf der Ans\u00e4uerungszeit &#8211; die Milch schmeckt zwar leicht s\u00e4uerlich, ist aber noch nicht gestockt &#8211; 2 ml von der Labverd\u00fcnnung zugeben, das entspricht 1 ml Verd\u00fcnnung pro Liter Milch. F\u00fcr diese kleinen Mengen habe ich Spritzen benutzt. Eine Zugabe von zuviel Lab macht den Quark bitter, die maximale Dosis soll bei\u00a0 2 ml\/l Milch liegen.<\/p>\n<p>Das Gef\u00e4\u00df schlie\u00dfen und 15 bis 20 Stunden zur Seite stellen &#8211; ich habe es unter die Wasserlinie gestellt, um die tropischen Raumtemperaturen etwas auszuschlie\u00dfen.<br \/>\nDanach ist die Milch gallertig dick. Mit einem Messer mehrfach einschneiden, damit sich Molke absetzen kann.<\/p>\n<p>Ein Sieb mit einem Mulltuch auslegen, die geschnittene &#8222;Dickete&#8220; hineinsch\u00f6pfen, abdecken und k\u00fchl stellen &#8211; bei uns in der K\u00fchlbox.<\/p>\n<p>Nach einiger Nervosit\u00e4t (&#8222;&#8230; das wird nie was!&#8220;) hatte sich nach weiteren 15 Stunden ein frisch-s\u00e4uerlich schmeckender Quark von cremiger Konsistenz gebildet.<\/p>\n<p>Lecker und fast noch unkomplizierter als das Joghurtmachen, weil das Halten einer bestimmten Temperatur entf\u00e4llt.<\/p>\n<p>&#8212;&#8212;&#8212;&#8212;&#8212;&#8212;&#8212;<\/p>\n<p>R\u00fcckfragen bei anderen K\u00e4semacherinnen ergaben, dass man w\u00e4hrend des Abtropfens\u00a0 die Frischk\u00e4semasse auch auflockern kann, so dass noch mehr Molke abl\u00e4uft; das empfiehlt sich dann, wenn man einen Frischk\u00e4selaib pressen m\u00f6chte. Dazu w\u00fcrzt man die Masse mit Salz und Kr\u00e4utern\/Knoblauch etc und beschwert den kleinen K\u00e4se in einer durchl\u00f6cherten Form<\/p>\n<p>Ich habe H-Milch verwendet, aus Milchpulver rekonsitutierte Milch funktioniert ebenso gut &#8211; man muss lediglich darauf achten, dass sie mit sauberem Wasser angesetzt ist.<br \/>\nH-Milch in manchen asiatischen L\u00e4ndern funktioniert, wie man in einschl\u00e4gigen Foren lesen kann, nicht immer, besonders die chinesische Milch ist nicht geeignet &#8211; die neuseel\u00e4ndische dagegen hervorragend.<br \/>\nZum Lab:\u00a0 es gibt tierisches (Ziege und Kalb) oder &#8222;vegetarisches&#8220; aus mikrobieller Herstellung. Der Vorteil von Lab liegt in den Tropen sicher darin, dass der Eindickungsprozess mit Lab k\u00fcrzer ist als der nat\u00fcrliche, bei dem ich zumindest in warmem Klima Angst h\u00e4tte, dass die die Milch vergammelt statt ordnungsgem\u00e4\u00df sauer zu werden.<br \/>\nFl\u00fcssiglab muss gek\u00fchlt aufbewahrt werden, was nachteilig sein kann &#8211; ich habe das Fl\u00fcssiglab von MadMillie in Neuseeland benutzt, das in den Bin Inns erh\u00e4ltlich ist, habe aber auch bei New World und bei Coles in Australien Labtabletten gesehen. Ansonsten: Internet!<br \/>\nLabtabletten, ebenfalls von MadMillie sind besser zu lagern, beschr\u00e4nken einen aber in der Dosierung: 1 Tablette f\u00fcr 10 l Milch, und die Tabletten lassen sich h\u00f6chstens vierteln, also ist die Mindestansatzmenge 2,5 l.<\/p>\n<p>&nbsp;<\/p>\n<p>&nbsp;<\/p>\n","protected":false},"excerpt":{"rendered":"<p>BROTBACKEN Brotbacken ist nat\u00fcrlich abh\u00e4ngig von der Verf\u00fcgbarkeit von vern\u00fcnftigen Mehlen, und das kann in den Tropen schon mal schwierig werden, oder auch nur in L\u00e4ndern, in denen man gern &#8222;Luffen&#8220; isst&#8230; Wei\u00dfmehl ist nat\u00fcrlich selten oder nie ein Problem, &hellip; <a href=\"https:\/\/sy-akka.de\/wordpress\/pantry\/\">Weiterlesen <span class=\"meta-nav\">&rarr;<\/span><\/a><\/p>\n","protected":false},"author":1,"featured_media":0,"parent":0,"menu_order":0,"comment_status":"closed","ping_status":"closed","template":"","meta":{"spay_email":"","footnotes":""},"jetpack_sharing_enabled":true,"jetpack_shortlink":"https:\/\/wp.me\/P9lYZL-uq","jetpack_likes_enabled":true,"jetpack-related-posts":[],"_links":{"self":[{"href":"https:\/\/sy-akka.de\/wordpress\/wp-json\/wp\/v2\/pages\/1886"}],"collection":[{"href":"https:\/\/sy-akka.de\/wordpress\/wp-json\/wp\/v2\/pages"}],"about":[{"href":"https:\/\/sy-akka.de\/wordpress\/wp-json\/wp\/v2\/types\/page"}],"author":[{"embeddable":true,"href":"https:\/\/sy-akka.de\/wordpress\/wp-json\/wp\/v2\/users\/1"}],"replies":[{"embeddable":true,"href":"https:\/\/sy-akka.de\/wordpress\/wp-json\/wp\/v2\/comments?post=1886"}],"version-history":[{"count":6,"href":"https:\/\/sy-akka.de\/wordpress\/wp-json\/wp\/v2\/pages\/1886\/revisions"}],"predecessor-version":[{"id":7273,"href":"https:\/\/sy-akka.de\/wordpress\/wp-json\/wp\/v2\/pages\/1886\/revisions\/7273"}],"wp:attachment":[{"href":"https:\/\/sy-akka.de\/wordpress\/wp-json\/wp\/v2\/media?parent=1886"}],"curies":[{"name":"wp","href":"https:\/\/api.w.org\/{rel}","templated":true}]}}