{"id":2771,"date":"2014-04-11T05:56:38","date_gmt":"2014-04-10T19:56:38","guid":{"rendered":"http:\/\/sy-akka.de\/wordpress\/?page_id=2771"},"modified":"2014-04-11T22:46:52","modified_gmt":"2014-04-11T12:46:52","slug":"saigon-berlin-visa","status":"publish","type":"page","link":"https:\/\/sy-akka.de\/wordpress\/wissenswertes\/saigon-berlin-mit-der-bahn\/saigon-berlin-visa\/","title":{"rendered":"Saigon-Berlin. Visa"},"content":{"rendered":"<p style=\"text-align: justify;\">Zur Beantragung von Visa l\u00e4sst sich in allen F\u00e4llen ein Formular im Netz herunterladen, also f\u00fcr Vietnam, China, Mongolei, Russland und Wei\u00dfrussland.\u00a0 Sehr praktisch.<\/p>\n<p style=\"text-align: justify;\">1. <strong>Vietnam<\/strong> &#8211; sehr einfach; man f\u00fcllt das Formular aus, l\u00e4sst Passbilder machen, legt einen selbst erstellten Reiseplan, eine Geldanweisung und einen frankierten R\u00fcckumschlag bei und sendet das Ganze nachverfolgbar an die Vertretung.<br \/>\nUmlaufzeit : genau eine Woche, 110 AUD; Botschaft der Sozialistischen Republik Vietnam in Canberra<\/p>\n<p style=\"text-align: justify;\">2. <strong>China<\/strong> &#8211; schon komplizierter. Zum Formular und den Passibildern muss man beilegen: Genauen Reiseverlauf (in unserem Fall schon ab Vietnam), Buchungsbest\u00e4tigung f\u00fcr die Z\u00fcge bei der Einreise, Buchungsbest\u00e4tigung f\u00fcr die erste \u00dcbernachtung, Reservierungsbest\u00e4tigung f\u00fcr die Ausreise aus China.<br \/>\nDa unsere Dokumente beim ersten Versuch vom sehr strengen T\u00fcrsteher des Konsulardienstes in Brisbane lediglich vage als &#8222;nicht vollst\u00e4ndig&#8220; abgewiesen wurden, haben wir im zweiten Versuch alles beigesteuert, was wir dachten, was wesentlich w\u00e4re&#8230; Auslandskrankenversicherungsnachweis, Bankausz\u00fcge etc. Entgegen den Anforderungen haben wir allerdings keine weiteren Buchungsbest\u00e4tigungen f\u00fcr die Strecken in China und f\u00fcr die entsprechenden \u00dcbernachtungen abgegeben, sondern nur eine Absichtserkl\u00e4rung \u00fcber den genauen Reiseverlauf.<br \/>\nUmlaufzeit wegen des Chinesischen Neujahrsfestes: 8 Tage. 60 AUD<br \/>\nVisadienst der Volksrepublik China, Brisbane<\/p>\n<p style=\"text-align: justify;\"><strong>Mongolei<\/strong>:\u00a0 \u00e4hnlich Vietnam, einfaches Formular, Passbilder, Reiseplan, Zugreservierung, Geldanweisung, R\u00fcckumschlag. Erst als unser Brief schon in Canberra angekommen war, stellten wir fest, dass seit 6 Monaten deutsche Bundesb\u00fcrger keine Visa f\u00fcr die Mongolei ben\u00f6tigen &#8211; Sprich: &#8222;R\u00fcckrufaktion&#8220;, kleiner Verlust bei\u00a0 der R\u00fcckzahlung der Postanweisung.<br \/>\nUmlaufzeit: 4 Werktage, 250 AUD<br \/>\nBotschaft des Mongol Uls (Mongolischer Staat)In Canberra<\/p>\n<p style=\"text-align: justify;\"><strong style=\"text-align: justify;\">Russland: <\/strong>Man muss nachweisen: Wohnsitz (bei uns ein bisschen &#8222;merkw\u00fcrdig&#8220;, in Scarborough mit einer Marinabescheinigung), monatliches Einkommen, Internationale Krankenversicherung, best\u00e4tigte Zugreservierung f\u00fcr die Einreise, Buchungsbest\u00e4tigung f\u00fcr die erste Hotel\u00fcbernachtung, Reiseplan und eine &#8222;Einladung&#8220; vom Gastgeber oder Reiseveranstalter. R\u00fcckumschlag und Zahlungsanweisung.<br \/>\nMerkw\u00fcrdigerweise kann man danach vergleichweise frei reisen, allerdings muss man sowohl f\u00fcr Ein- wie f\u00fcr Ausreise das genaue Datum treffen. Unser mitreisender junger Engl\u00e4nder hatte die Bahnreise von Peking nach Irkutsk gebucht und sein Visum f\u00fcr die Ankunft in Irkutsk beantragt &#8211; das ist schlecht, denn er kam 10 Stunden zu fr\u00fch (!!) an der russischen Grenze an, was ein l\u00e4ngeres Palaver und eine Strafgeb\u00fchr nach sich gezogen haben soll.<br \/>\n\u00c4hnliches gilt f\u00fcr die Ausreise &#8211; die russischen Visa sind Ein- und Ausreisevisa.<br \/>\nEs gibt noch eine Besonderheit &#8211; die Registrierung der Visa.\u00a0 Das hat uns ein bisschen verunsichert &#8211; in Irkutsk hie\u00df es &#8222;braucht Ihr hier nicht, aber die Moskauer sind ein bisschen niffelig&#8220;. In Moskau hie\u00df es im Hostel (die Registrierung geht \u00fcber die jeweiligen Gastgeber und ist eine unangenehme B\u00fcrokratieaufgabe) &#8222;&#8230; k\u00f6nnen wir nicht leisten&#8230;&#8220; Was tun?!\u00a0 Bei RealRussia Moskau anrufen, und dort bekamen wir Folgendes erkl\u00e4rt: die Registrierung ist notwendig, wenn man l\u00e4nger als 7 Tage an einem Ort bleibt. In dem Fall hat man 7 Tage nach Ankunft am jeweiligen Ort Zeit, f\u00fcr die Registrierung zu sorgen. Wir waren in Irkutsk 4 Tage und nochmals 4 Tage in Moskau &#8211; keine Registrierungspflicht&#8230;<\/p>\n<p style=\"text-align: justify;\">Umlaufzeit f\u00fcr die Visabeantragung 4 Werktage, 105 AUD (Eilantrag, bei 10 Tagen Bearbeitungszeit 53 AUD f\u00fcr EU-B\u00fcrger); beantragt beim russischen Konsulat in Sydney<\/p>\n<p style=\"text-align: justify;\"><strong>Wei\u00dfrussland:<\/strong> F\u00fcr die Fahrt durch Wei\u00dfrussland ist, auch wenn man nicht aus den Zug aussteigt, ein Transitvisum zwingend notwendig. \u00dcber das was passiert, wenn man keines hat, gibt es haarstr\u00e4ubende Geschichten. Dieses Visum war f\u00fcr uns der schwierigste Teil, weil es keine weissrussische Vertretung in Australien gibt. Wir hatten als Varianten Antragstellung in Peking (die Botschaft hatte in der betreffenden Woche mehrere Tage geschlossen) oder Moskau (bei Ankunft am Mittwoch m\u00f6glicherweise zeitlich ein bisschen knapp), also musste es eigentlich Hanoi sein, und wenn nicht, w\u00fcrden wir von Moskau aus fliegen m\u00fcssen. Im Endeffekt war es wirklich sehr einfach: mit dem im Internet heruntergeladenen Formular, Passbild und den P\u00e4ssen bei der Botschaft in Hanoi\u00a0 vorstellig werden, und zwei Tage sp\u00e4ter hatten wir &#8211; nachdem wir die Buchungsbest\u00e4tigung f\u00fcr den Zug per Mail \u00fcbermittelt hatten &#8211; unsere Transitvisa.<br \/>\nUmlaufzeit: 3 Werktage, 20 Euro, Wei\u00dfrussische Botschaft Hanoi<\/p>\n<p style=\"text-align: justify;\">\n","protected":false},"excerpt":{"rendered":"<p>Zur Beantragung von Visa l\u00e4sst sich in allen F\u00e4llen ein Formular im Netz herunterladen, also f\u00fcr Vietnam, China, Mongolei, Russland und Wei\u00dfrussland.\u00a0 Sehr praktisch. 1. Vietnam &#8211; sehr einfach; man f\u00fcllt das Formular aus, l\u00e4sst Passbilder machen, legt einen selbst &hellip; <a href=\"https:\/\/sy-akka.de\/wordpress\/wissenswertes\/saigon-berlin-mit-der-bahn\/saigon-berlin-visa\/\">Weiterlesen <span class=\"meta-nav\">&rarr;<\/span><\/a><\/p>\n","protected":false},"author":1,"featured_media":0,"parent":2768,"menu_order":0,"comment_status":"open","ping_status":"closed","template":"","meta":{"spay_email":"","footnotes":""},"jetpack_sharing_enabled":true,"jetpack_shortlink":"https:\/\/wp.me\/P9lYZL-IH","jetpack_likes_enabled":true,"jetpack-related-posts":[],"_links":{"self":[{"href":"https:\/\/sy-akka.de\/wordpress\/wp-json\/wp\/v2\/pages\/2771"}],"collection":[{"href":"https:\/\/sy-akka.de\/wordpress\/wp-json\/wp\/v2\/pages"}],"about":[{"href":"https:\/\/sy-akka.de\/wordpress\/wp-json\/wp\/v2\/types\/page"}],"author":[{"embeddable":true,"href":"https:\/\/sy-akka.de\/wordpress\/wp-json\/wp\/v2\/users\/1"}],"replies":[{"embeddable":true,"href":"https:\/\/sy-akka.de\/wordpress\/wp-json\/wp\/v2\/comments?post=2771"}],"version-history":[{"count":6,"href":"https:\/\/sy-akka.de\/wordpress\/wp-json\/wp\/v2\/pages\/2771\/revisions"}],"predecessor-version":[{"id":2816,"href":"https:\/\/sy-akka.de\/wordpress\/wp-json\/wp\/v2\/pages\/2771\/revisions\/2816"}],"up":[{"embeddable":true,"href":"https:\/\/sy-akka.de\/wordpress\/wp-json\/wp\/v2\/pages\/2768"}],"wp:attachment":[{"href":"https:\/\/sy-akka.de\/wordpress\/wp-json\/wp\/v2\/media?parent=2771"}],"curies":[{"name":"wp","href":"https:\/\/api.w.org\/{rel}","templated":true}]}}