{"id":2776,"date":"2014-04-11T05:59:49","date_gmt":"2014-04-10T19:59:49","guid":{"rendered":"http:\/\/sy-akka.de\/wordpress\/?page_id=2776"},"modified":"2014-04-11T17:11:00","modified_gmt":"2014-04-11T07:11:00","slug":"saigon-berlin-hotels","status":"publish","type":"page","link":"https:\/\/sy-akka.de\/wordpress\/wissenswertes\/saigon-berlin-mit-der-bahn\/saigon-berlin-hotels\/","title":{"rendered":"Saigon-Berlin. Hotels"},"content":{"rendered":"<p style=\"text-align: justify;\">Unsere Hotels haben wir bis auf eines \u00fcber das Internet gesucht und gefunden &#8211; in den meisten F\u00e4llen haben wir bei Tripadvisor angefangen und uns durch die Kritiken gelesen.<\/p>\n<p style=\"text-align: justify;\"><strong>Saigon<\/strong>:\u00a0 Das <strong>Saigon Inn<\/strong> im &#8222;Backpackerviertel&#8220; Pham Ngu Lao. Mitten in einem ur-vietnamesischen Wohnviertel mit so engen Gassen, dass die Begegnung von zwei Motorrollern manchmal schwierig wurde. Ruhig, aber nur wenige Schritte vom Touristengedr\u00e4nge mit vielen guten Restaurant und ziemlich zentral in Laufentfernung zum Markt, zum Park etc.<br \/>\nDas Hotel ist neu aus dem Jahr 2012, sehr sauber, kleine Zimmer mit Bad (aber auch &#8222;Dorms&#8220;), gutes Bett, Klimaanlage. Perfekt!<br \/>\nStrenge &#8222;Schuhe aus!&#8220;-Regel, aber auch wenn es Flipflops auf dem Zimmer gibt (wie \u00fcberall \u00fcblich) kann man dort getrost barfu\u00df gehen.<\/p>\n<p style=\"text-align: justify;\">DZ ohne Fr\u00fchst\u00fcck. ca. 16 \u201a\u00ac\/Nacht<\/p>\n<p style=\"text-align: justify;\">\n<p style=\"text-align: justify;\"><strong>Hanoi<\/strong>. Das <strong>Tu Linh Palace<\/strong> in der Hang Ga 2. Bescheidener &#8222;Palast&#8220; mitten in der Altstadt (wo sich zig billige Hotels t\u00fcrmen!)<br \/>\nExtrem freundliche, umsichtige Leute. Eher enge, saubere Zimmer mit Bad, gute Betten, gro\u00dfer Einbauschrank. Klimaanlage. Prima.<\/p>\n<p style=\"text-align: justify;\">DZ ungef\u00e4hr 18 \u201a\u00ac mit reichhaltigem Fr\u00fchst\u00fcck. Meist gibt es tags\u00fcber Obst (vom Fr\u00fchst\u00fcck), und es gibt immer Tee und Kaffee.<\/p>\n<p style=\"text-align: justify;\">\n<p style=\"text-align: justify;\">\n<div id=\"attachment_2795\" style=\"width: 810px\" class=\"wp-caption alignleft\"><a href=\"https:\/\/i1.wp.com\/sy-akka.de\/wordpress\/wp-content\/Hotel-Outside-Inn.jpg\"><img loading=\"lazy\" decoding=\"async\" aria-describedby=\"caption-attachment-2795\" data-attachment-id=\"2795\" data-permalink=\"https:\/\/sy-akka.de\/wordpress\/wissenswertes\/saigon-berlin-mit-der-bahn\/saigon-berlin-hotels\/hotel-outside-inn\/\" data-orig-file=\"https:\/\/i1.wp.com\/sy-akka.de\/wordpress\/wp-content\/Hotel-Outside-Inn.jpg?fit=800%2C600&amp;ssl=1\" data-orig-size=\"800,600\" data-comments-opened=\"1\" data-image-meta=\"{&quot;aperture&quot;:&quot;0&quot;,&quot;credit&quot;:&quot;&quot;,&quot;camera&quot;:&quot;&quot;,&quot;caption&quot;:&quot;&quot;,&quot;created_timestamp&quot;:&quot;0&quot;,&quot;copyright&quot;:&quot;&quot;,&quot;focal_length&quot;:&quot;0&quot;,&quot;iso&quot;:&quot;0&quot;,&quot;shutter_speed&quot;:&quot;0&quot;,&quot;title&quot;:&quot;&quot;}\" data-image-title=\"Hotel Outside Inn\" data-image-description=\"\" data-medium-file=\"https:\/\/i1.wp.com\/sy-akka.de\/wordpress\/wp-content\/Hotel-Outside-Inn.jpg?fit=300%2C225&amp;ssl=1\" data-large-file=\"https:\/\/i1.wp.com\/sy-akka.de\/wordpress\/wp-content\/Hotel-Outside-Inn.jpg?fit=584%2C438&amp;ssl=1\" class=\"size-full wp-image-2795\" alt=\"Hof des Outside Inn\" src=\"https:\/\/i1.wp.com\/sy-akka.de\/wordpress\/wp-content\/Hotel-Outside-Inn.jpg?resize=584%2C438\" width=\"584\" height=\"438\" srcset=\"https:\/\/i1.wp.com\/sy-akka.de\/wordpress\/wp-content\/Hotel-Outside-Inn.jpg?w=800&amp;ssl=1 800w, https:\/\/i1.wp.com\/sy-akka.de\/wordpress\/wp-content\/Hotel-Outside-Inn.jpg?resize=300%2C225&amp;ssl=1 300w, https:\/\/i1.wp.com\/sy-akka.de\/wordpress\/wp-content\/Hotel-Outside-Inn.jpg?resize=400%2C300&amp;ssl=1 400w\" sizes=\"(max-width: 584px) 100vw, 584px\" data-recalc-dims=\"1\" \/><\/a><p id=\"caption-attachment-2795\" class=\"wp-caption-text\">Hof des Outside Inn<\/p><\/div>\n<p style=\"text-align: justify;\"><strong>Yangshuo\/Chaolong<\/strong> &#8211; das <strong>Outside Inn<\/strong>. Uriges Hotel in alten Lehmh\u00e4usern mitten im Dorf. Ger\u00e4umige, saubere Zimmer mit guten Betten und eigenem Bad und Klimaanlage (die wir auf &#8222;Warmluft&#8220; gestellt haben, schlie\u00dflich war fast noch Winter).<br \/>\nGute K\u00fcche, nette Leute . Uns hat&#8217;s gefallen. \u00dcbrigens eine Empfehlung von einer amerikanischen Seglerfamilie mit 4\u00a0 Kindern, die wir in Brisbane trafen.<\/p>\n<p style=\"text-align: justify;\">Sch\u00f6ne Spazier- und Wanderm\u00f6glichkeiten, Fahrradverleih.<\/p>\n<p style=\"text-align: justify;\">DZ ca. 20 Euro ohne Fr\u00fchst\u00fcck. Sonderpreis zu Saisonbeginn (4 N\u00e4chte f\u00fcr 3)<\/p>\n<p style=\"text-align: justify;\">\n<p style=\"text-align: justify;\">\n<p style=\"text-align: justify;\"><strong>Beijing<\/strong> &#8211; das <strong>161 Hotel<\/strong> am Rand des Lishi Hutong, DongSi<\/p>\n<p style=\"text-align: justify;\">Saubere Zimmer (mit etwas abgegrabbelten Teppichen&#8230;), gutes Bett, eigenes Bad.<br \/>\nLustiges &#8222;Coffee Shop&#8220; mit gutem (teurem) Kaffee.<br \/>\nAngenehm gelegen nahe der U-Bahnstation DongSi, in direkter Nachbarschaft zu kleinen Restaurants aller m\u00f6glichen (chinesischen) Geschmacksrichtungen, also Kanton, Peking, Yunnan, Mongolian Hotpot&#8230;<br \/>\nIn Laufentfernung zur Verbotenen Stadt. Der Tour Operator im Haus hat uns die fantastische Fahrt zur Chinesischen Mauer in Jinshanling gebucht (auch wenn sie lieber die \u00fcberf\u00fcllten Touren nach Badaling und Mutianyu verkaufen).<\/p>\n<p style=\"text-align: justify;\">DZ ca. 30 \u201a\u00ac ohne Fr\u00fchst\u00fcck<\/p>\n<p style=\"text-align: justify;\">\n<p style=\"text-align: justify;\"><strong>Ulaan Bataar<\/strong><\/p>\n<p style=\"text-align: justify;\">Kaiser Hotel &#8211; ger\u00e4umig und sauber mit guten Betten, mit kleinen optischen Macken (gesprungen Fliesen o.\u00e4.).<br \/>\nLaufentfernung zur Innenstadt<br \/>\nReichhaltiges Fr\u00fchst\u00fcck (ha! Das Brot wird langsam dunkel!)<\/p>\n<p style=\"text-align: justify;\">ca. 50 \u201a\u00ac<\/p>\n<p style=\"text-align: justify;\">\n<p style=\"text-align: justify;\"><strong>Irkutsk\u00a0 &#8211; <\/strong>das<strong> Transsib Hostel<\/strong> ist eine 3-Zimmer-Wohnung in einem normalen Mietshaus, ger\u00e4umige Zimmer, einfach eingerichtet, gro\u00dfe Wohnk\u00fcche, alles ein bisschen WG-m\u00e4\u00dfig. In Laufentfernung vom Bahnhof, Bushaltestelle in die Stadt vor der T\u00fcr.<br \/>\nNette Gastgeber.<\/p>\n<p style=\"text-align: justify;\">DZ ca. 25 \u201a\u00ac<\/p>\n<p style=\"text-align: justify;\">\n<p style=\"text-align: justify;\"><strong>Moskau<\/strong> &#8211; Hostel im Tverskaya-Viertel namens &#8222;<strong>City Loft Rooms<\/strong>&#8222;.<br \/>\nGro\u00dfe Etagenwohnung im 3. Stock mit vielen, mehr oder weniger ger\u00e4umigen Zimmern, zwei Toiletten, zwei Duschen, Waschmaschinenbenutzung, gro\u00dfe K\u00fcche.<\/p>\n<p style=\"text-align: justify;\">DZ ca. 45 \u201a\u00ac<\/p>\n","protected":false},"excerpt":{"rendered":"<p>Unsere Hotels haben wir bis auf eines \u00fcber das Internet gesucht und gefunden &#8211; in den meisten F\u00e4llen haben wir bei Tripadvisor angefangen und uns durch die Kritiken gelesen. Saigon:\u00a0 Das Saigon Inn im &#8222;Backpackerviertel&#8220; Pham Ngu Lao. Mitten in &hellip; <a href=\"https:\/\/sy-akka.de\/wordpress\/wissenswertes\/saigon-berlin-mit-der-bahn\/saigon-berlin-hotels\/\">Weiterlesen <span class=\"meta-nav\">&rarr;<\/span><\/a><\/p>\n","protected":false},"author":1,"featured_media":0,"parent":2768,"menu_order":0,"comment_status":"open","ping_status":"closed","template":"","meta":{"spay_email":"","footnotes":""},"jetpack_sharing_enabled":true,"jetpack_shortlink":"https:\/\/wp.me\/P9lYZL-IM","jetpack_likes_enabled":true,"jetpack-related-posts":[],"_links":{"self":[{"href":"https:\/\/sy-akka.de\/wordpress\/wp-json\/wp\/v2\/pages\/2776"}],"collection":[{"href":"https:\/\/sy-akka.de\/wordpress\/wp-json\/wp\/v2\/pages"}],"about":[{"href":"https:\/\/sy-akka.de\/wordpress\/wp-json\/wp\/v2\/types\/page"}],"author":[{"embeddable":true,"href":"https:\/\/sy-akka.de\/wordpress\/wp-json\/wp\/v2\/users\/1"}],"replies":[{"embeddable":true,"href":"https:\/\/sy-akka.de\/wordpress\/wp-json\/wp\/v2\/comments?post=2776"}],"version-history":[{"count":4,"href":"https:\/\/sy-akka.de\/wordpress\/wp-json\/wp\/v2\/pages\/2776\/revisions"}],"predecessor-version":[{"id":2805,"href":"https:\/\/sy-akka.de\/wordpress\/wp-json\/wp\/v2\/pages\/2776\/revisions\/2805"}],"up":[{"embeddable":true,"href":"https:\/\/sy-akka.de\/wordpress\/wp-json\/wp\/v2\/pages\/2768"}],"wp:attachment":[{"href":"https:\/\/sy-akka.de\/wordpress\/wp-json\/wp\/v2\/media?parent=2776"}],"curies":[{"name":"wp","href":"https:\/\/api.w.org\/{rel}","templated":true}]}}