{"id":5107,"date":"2017-08-14T16:26:39","date_gmt":"2017-08-14T20:26:39","guid":{"rendered":"http:\/\/sy-akka.de\/wordpress\/?page_id=5107"},"modified":"2020-07-07T18:03:09","modified_gmt":"2020-07-07T22:03:09","slug":"ausruestung","status":"publish","type":"page","link":"https:\/\/sy-akka.de\/wordpress\/crew-und-schiff\/das-schiff\/ausruestung\/","title":{"rendered":"Ausr\u00fcstung"},"content":{"rendered":"<p><strong>Rigg<\/strong><\/p>\n<p>Reckmann Mast (15.50 m \u00fcber Deck)<\/p>\n<p>Reckmann Genua-Rollanlage, mechanisch<br \/>\nHarken Rollanlage, mechanisch, am Kutterstag (in Neuseeland nachger\u00fcstet)<\/p>\n<p>Besan (9 m \u00fcber Deck)<\/p>\n<p>&nbsp;<\/p>\n<p><strong>Segel<\/strong><\/p>\n<p>Rollgro\u00df, hydraulisch im Mast&nbsp; &nbsp; &nbsp; &nbsp; &nbsp; 30 m<sup>2<\/sup><\/p>\n<p>Rollgenua, reffbar profiliert&nbsp; &nbsp; &nbsp; &nbsp; &nbsp; &nbsp; &nbsp; &nbsp; 58 m<sup>2<br \/>\n<\/sup>Rollgenua 2, am Kutterstag &nbsp; &nbsp; &nbsp; &nbsp;&nbsp; &nbsp; 34 m<sup>2<br \/>\n<\/sup>Arbeitsfock&nbsp; (Kutterstag) &nbsp; &nbsp; &nbsp; &nbsp; &nbsp; &nbsp; &nbsp; &nbsp;&nbsp; 20 m<sup>2<\/sup><br \/>\nSturmfock&nbsp; &nbsp; (Kutterstag) &nbsp; &nbsp; &nbsp; &nbsp; &nbsp; &nbsp; &nbsp; &nbsp;&nbsp;&nbsp; 9 m<sup>2<\/sup><\/p>\n<p>Gennaker &nbsp; &nbsp; &nbsp; &nbsp; &nbsp; &nbsp; &nbsp; &nbsp; &nbsp; &nbsp; &nbsp; &nbsp; &nbsp; &nbsp; &nbsp; &nbsp; &nbsp; &nbsp; 115 m<sup>2<\/sup><\/p>\n<p>Besan&nbsp; &nbsp; &nbsp; &nbsp; &nbsp; &nbsp; &nbsp; &nbsp; &nbsp; &nbsp; &nbsp; &nbsp; &nbsp; &nbsp; &nbsp; &nbsp; &nbsp; &nbsp; &nbsp; &nbsp; &nbsp;&nbsp; 10 m<sup>2<\/sup><\/p>\n<p>&nbsp;<\/p>\n<p><strong>Selbststeueranlagen<\/strong><\/p>\n<p>Windsteueranlage <a href=\"http:\/\/www.windpilot.com\/\">Windpilot Pacific Plus<\/a><br \/>\nPinnenpilot Raymarine1000 zur Steuerung<br \/>\nder Windfahne (bei Schwach- oder Vorwindkursen)<\/p>\n<p>Elektrischer Autopilot Raymarine-Autohelm 6000<\/p>\n<p>&nbsp;<\/p>\n<p><strong>Ankergeschirr<\/strong><\/p>\n<p>30 kg B\u00fcgelanker mit 80 m ACCO-Stahlkette, feuerverzinkt (3\/8 &#8222;)<\/p>\n<p>25 kg Delta als Zweitanker<\/p>\n<p>16 kg Brittany mit Kettenvorlauf und 50 m Ankerleine als Heckanker<\/p>\n<p>Ankergurtspule f\u00fcr Heckanker<\/p>\n<p>Ankerwinde Lofrans 1200 W<\/p>\n<p>&nbsp;<\/p>\n<p><strong>Sicherheitsausr\u00fcstung<\/strong><\/p>\n<p>6-Personen Sicherheitsinsel WALDEN \/ SOS Technik<\/p>\n<p>Rettungswesten 275 N Auftrieb (Plastimo Pilot)<\/p>\n<p>Rettungswesten 150 N Auftrieb, SOS Technik<\/p>\n<p>EPIRB ACR Globalfix 406<\/p>\n<p>Flachgewebe-Strecktaue<\/p>\n<p><a href=\"http:\/\/www.jordanseriesdrogue.com\/\">Jordan Series Drogue<\/a> mit 139 Kegeln an 120m Schleppleine f\u00fcr schwerstes Wetter<\/p>\n<p>&nbsp;<\/p>\n<p><strong>Beiboote<\/strong><\/p>\n<p>8ft Schlauchboot mit Aluminiumrumpf AB Lammina 8<br \/>\n8 PS Tohatsu Zweitaktmotor<br \/>\n3 PS Mercury Zweitaktmotor<\/p>\n<p>Aufblasbares Kayak, Einsitzer (Advanced Elements\/Westmarine)<\/p>\n<p>&nbsp;<\/p>\n<p><strong>Stromversorgung<\/strong><\/p>\n<p>Lichtmaschinen 12V am Motor<br \/>\n&#8211; 120A mit Sterling Hochleistungsregler f\u00fcr die 720Ah Verbraucherbatteriebank (AGM)&nbsp;&nbsp; Ladung mit bis zu 90A<br \/>\n&#8211; 50A f\u00fcr Starterbatterie und 2x 50Ah Batterien f\u00fcr 6kw Bugstrahlruder und 1,2kW Ankerwinde &nbsp;&nbsp; (Spiralbatterien Exide AGM, Deep Cycle, klein und leicht, haben sich als geeignet erwiesen!)<\/p>\n<p>Solarpaneele 350WP<br \/>\ndavon 2x 100WP seitlich an der Reling aufstellbar<br \/>\nund 1x 150WP auf Hecktr\u00e4ger<\/p>\n<p><a href=\"http:\/\/superwind.com\/\">Windgenerator Superwind<\/a>, 350W (Spitzenleistung bei Sturm!) &#8230; aber eine sichere und erfreulich leise Erg\u00e4nzung zu den favorisierten Solarpaneelen.<\/p>\n<p>Inverter, 12V &#8211; 230V<br \/>\n1.000W Sinus-Dauerleistung und 1x 500W und 2x 200W f\u00fcr Kleinverbraucher<\/p>\n<p>&nbsp;<\/p>\n<p><strong>Elektronische Navigation<\/strong><\/p>\n<p>Raymarine Pathfinder Radar (4 kW)&nbsp; im Besan<\/p>\n<p>Raymarine C 80 Kartenplotter, Radaroverlay und AIS<\/p>\n<p>Elektronische Seekarten Navionics<\/p>\n<p>Aktives AIS (easy AIS)<\/p>\n<p>Backups:<br \/>\nOpenCPN f\u00fcr Laptop<br \/>\nNavionics for Android auf Tablet 10&#8243;<\/p>\n<p>&nbsp;<\/p>\n<p><strong>Kommunikation<\/strong><\/p>\n<p>UKW Funkger\u00e4t Simrad mit Tochterstation im Cockpit<\/p>\n<p>KW-Amateurfunkger\u00e4t ICOM 718<br \/>\nAntennentuner SG 230, Pactormodem<br \/>\nAntenne: isoliertes Achterstag<\/p>\n<p>Iridium-Satellitentelefonie mit &#8222;Iridium Go!&#8220; und Smartphones<\/p>\n<p>GSM Mobiltelefonie<\/p>\n<p>Internetzugang \u00fcber WLAN-Antenne AlfaNetwork<\/p>\n<p>&nbsp;<\/p>\n<p><strong>Bugstrahlruder<\/strong><\/p>\n<p>Bugstrahlruder VETUS 6 kW<\/p>\n<p>&nbsp;<\/p>\n<p><strong>Tankkapazit\u00e4t<\/strong><\/p>\n<p>420 l Kraftstoff + 180 l Kanister (f\u00fcr Passagen)<br \/>\n700 l Wasser<\/p>\n<p>&nbsp;<\/p>\n<p><strong>Wassermacher<\/strong><\/p>\n<p><a href=\"http:\/\/www.echotecwatermakers.com\/dc_watermakers_yachts.htm\">EcH<sub>2<\/sub>O-Tec DML 260<\/a> (max. 49 l\/h), modularer Aufbau, 12V<\/p>\n<p>&nbsp;<\/p>\n<p><strong>Pantry<\/strong><\/p>\n<p>ENO 2-Flammen-Gasherd mit Backofen<br \/>\n2 x 11 kg Alugas-Flaschen<\/p>\n<p>Selbstbau-K\u00fchlbox mit <a href=\"http:\/\/www.porextherm.com\/web\/de\/produkte\/vac.htm?showprod=160\">Vacupor-Isolierung<\/a><br \/>\nwassergek\u00fchltes<a href=\"http:\/\/www.isotherm.com\/en\/index.html?fixframe=1&amp;\"> Isotherm-K\u00fchlaggregat <\/a>mit K\u00e4ltespeicher<\/p>\n<p>&nbsp;<\/p>\n<p><strong>Ferngl\u00e4ser<\/strong><\/p>\n<p>Steiner &#8222;Commander&#8220; ohne Kompass, 7&#215;50<br \/>\nSteiner &#8222;Rallye&#8220;\u009d 10 x 50<\/p>\n<p>&nbsp;<\/p>\n<p><strong>N\u00e4hmaschine<\/strong><\/p>\n<p>Bernina 830 Rekord e, Nutzstichn\u00e4hmaschine, Jahrgang 1975<\/p>\n<p>&nbsp;<\/p>\n<p><strong>Computerausr\u00fcstung<\/strong><\/p>\n<p>2 x&nbsp; Subnotebook ACER (kleiner Scherz aus dem Jahr 2010?. Der Laptopdurchsatz ist riesig&#8230;)<\/p>\n<p>separate DVD\/CD-Laufwerke<\/p>\n<p>CANON Tintenstrahldrucker (3-in-1) (Hinweis f\u00fcr Interessenten: die Druckerhersteller teilen die Welt in Kartuschenregionen auf. F\u00fcr den in Malaysia neu erworbenen Drucker gab es in S\u00fcdafrika keine Kartuschen, trotz gleicher Typbezeichnung, dito in S\u00fcdamerika oder Nordamerika.)<\/p>\n","protected":false},"excerpt":{"rendered":"<p>Rigg Reckmann Mast (15.50 m \u00fcber Deck) Reckmann Genua-Rollanlage, mechanisch Harken Rollanlage, mechanisch, am Kutterstag (in Neuseeland nachger\u00fcstet) Besan (9 m \u00fcber Deck) &nbsp; Segel Rollgro\u00df, hydraulisch im Mast&nbsp; &nbsp; &nbsp; &nbsp; &nbsp; 30 m2 Rollgenua, reffbar profiliert&nbsp; &nbsp; &nbsp; &hellip; <a href=\"https:\/\/sy-akka.de\/wordpress\/crew-und-schiff\/das-schiff\/ausruestung\/\">Weiterlesen <span class=\"meta-nav\">&rarr;<\/span><\/a><\/p>\n","protected":false},"author":1,"featured_media":0,"parent":5202,"menu_order":0,"comment_status":"closed","ping_status":"closed","template":"","meta":{"spay_email":"","footnotes":""},"jetpack_sharing_enabled":true,"jetpack_shortlink":"https:\/\/wp.me\/P9lYZL-1kn","jetpack_likes_enabled":true,"jetpack-related-posts":[],"_links":{"self":[{"href":"https:\/\/sy-akka.de\/wordpress\/wp-json\/wp\/v2\/pages\/5107"}],"collection":[{"href":"https:\/\/sy-akka.de\/wordpress\/wp-json\/wp\/v2\/pages"}],"about":[{"href":"https:\/\/sy-akka.de\/wordpress\/wp-json\/wp\/v2\/types\/page"}],"author":[{"embeddable":true,"href":"https:\/\/sy-akka.de\/wordpress\/wp-json\/wp\/v2\/users\/1"}],"replies":[{"embeddable":true,"href":"https:\/\/sy-akka.de\/wordpress\/wp-json\/wp\/v2\/comments?post=5107"}],"version-history":[{"count":9,"href":"https:\/\/sy-akka.de\/wordpress\/wp-json\/wp\/v2\/pages\/5107\/revisions"}],"predecessor-version":[{"id":6723,"href":"https:\/\/sy-akka.de\/wordpress\/wp-json\/wp\/v2\/pages\/5107\/revisions\/6723"}],"up":[{"embeddable":true,"href":"https:\/\/sy-akka.de\/wordpress\/wp-json\/wp\/v2\/pages\/5202"}],"wp:attachment":[{"href":"https:\/\/sy-akka.de\/wordpress\/wp-json\/wp\/v2\/media?parent=5107"}],"curies":[{"name":"wp","href":"https:\/\/api.w.org\/{rel}","templated":true}]}}