{"id":5141,"date":"2017-08-14T19:58:52","date_gmt":"2017-08-14T23:58:52","guid":{"rendered":"http:\/\/sy-akka.de\/wordpress\/?page_id=5141"},"modified":"2020-07-07T18:06:12","modified_gmt":"2020-07-07T22:06:12","slug":"geschichten","status":"publish","type":"page","link":"https:\/\/sy-akka.de\/wordpress\/geschichten\/","title":{"rendered":"Geschichten"},"content":{"rendered":"<div id=\"attachment_5155\" style=\"width: 590px\" class=\"wp-caption aligncenter\"><a href=\"http:\/\/sy-akka.de\/wordpress\/geschichten\/arholma1\/\" rel=\"attachment wp-att-5155\"><img loading=\"lazy\" decoding=\"async\" aria-describedby=\"caption-attachment-5155\" data-attachment-id=\"5155\" data-permalink=\"https:\/\/sy-akka.de\/wordpress\/geschichten\/arholma1\/\" data-orig-file=\"https:\/\/i2.wp.com\/sy-akka.de\/wordpress\/wp-content\/Arholma1.png?fit=580%2C773&amp;ssl=1\" data-orig-size=\"580,773\" data-comments-opened=\"1\" data-image-meta=\"{&quot;aperture&quot;:&quot;0&quot;,&quot;credit&quot;:&quot;&quot;,&quot;camera&quot;:&quot;&quot;,&quot;caption&quot;:&quot;&quot;,&quot;created_timestamp&quot;:&quot;0&quot;,&quot;copyright&quot;:&quot;&quot;,&quot;focal_length&quot;:&quot;0&quot;,&quot;iso&quot;:&quot;0&quot;,&quot;shutter_speed&quot;:&quot;0&quot;,&quot;title&quot;:&quot;&quot;,&quot;orientation&quot;:&quot;0&quot;}\" data-image-title=\"Arholma1\" data-image-description=\"\" data-medium-file=\"https:\/\/i2.wp.com\/sy-akka.de\/wordpress\/wp-content\/Arholma1.png?fit=225%2C300&amp;ssl=1\" data-large-file=\"https:\/\/i2.wp.com\/sy-akka.de\/wordpress\/wp-content\/Arholma1.png?fit=580%2C773&amp;ssl=1\" class=\"size-full wp-image-5155\" src=\"https:\/\/i2.wp.com\/sy-akka.de\/wordpress\/wp-content\/Arholma1.png?resize=580%2C773\" alt=\"\" width=\"580\" height=\"773\" srcset=\"https:\/\/i2.wp.com\/sy-akka.de\/wordpress\/wp-content\/Arholma1.png?w=580&amp;ssl=1 580w, https:\/\/i2.wp.com\/sy-akka.de\/wordpress\/wp-content\/Arholma1.png?resize=225%2C300&amp;ssl=1 225w\" sizes=\"(max-width: 580px) 100vw, 580px\" data-recalc-dims=\"1\" \/><\/a><p id=\"caption-attachment-5155\" class=\"wp-caption-text\">AKKA in Schwedens Sch\u00e4rengarten<\/p><\/div>\n<p>&nbsp;<\/p>\n<p><span style=\"font-family: Arial,Helvetica,Geneva,sans-serif,sans-serif;\"><strong>Was vor 2007 geschah&#8230;<\/strong><\/span><\/p>\n<p>&#8211; <a href=\"http:\/\/sy-akka.de\/wordpress\/geschichten\/strohsackroute\/\">Die Atlantik\u00fcberquerung 1991. <\/a>Z\u00fcndfunke f\u00fcr die Idee, auf Langfahrt zu gehen.<\/p>\n<p><span style=\"font-family: Arial,Helvetica,Geneva,sans-serif,sans-serif;\">&#8211; Ein <a href=\"http:\/\/sy-akka.de\/wordpress\/manoevertraining\/\">Man\u00f6vertraining mit Hilmar Knops <\/a><\/span><\/p>\n<p>&#8211; Unsere gro\u00dfe Testreise: Ostsee-Sommer 2005<\/p>\n<p>&#8211; Nicht zu vergessen: der Arbeitssommer 2006<\/p>\n<p>&#8211; <a href=\"http:\/\/sy-akka.de\/wordpress\/geschichten\/leewards-windwards-2018\/\">Windwards &amp; Leewards 2018<\/a><\/p>\n","protected":false},"excerpt":{"rendered":"<p>&nbsp; Was vor 2007 geschah&#8230; &#8211; Die Atlantik\u00fcberquerung 1991. Z\u00fcndfunke f\u00fcr die Idee, auf Langfahrt zu gehen. &#8211; Ein Man\u00f6vertraining mit Hilmar Knops &#8211; Unsere gro\u00dfe Testreise: Ostsee-Sommer 2005 &#8211; Nicht zu vergessen: der Arbeitssommer 2006 &#8211; Windwards &amp; Leewards &hellip; <a href=\"https:\/\/sy-akka.de\/wordpress\/geschichten\/\">Weiterlesen <span class=\"meta-nav\">&rarr;<\/span><\/a><\/p>\n","protected":false},"author":1,"featured_media":0,"parent":0,"menu_order":0,"comment_status":"closed","ping_status":"closed","template":"","meta":{"spay_email":"","footnotes":""},"jetpack_sharing_enabled":true,"jetpack_shortlink":"https:\/\/wp.me\/P9lYZL-1kV","jetpack_likes_enabled":true,"jetpack-related-posts":[],"_links":{"self":[{"href":"https:\/\/sy-akka.de\/wordpress\/wp-json\/wp\/v2\/pages\/5141"}],"collection":[{"href":"https:\/\/sy-akka.de\/wordpress\/wp-json\/wp\/v2\/pages"}],"about":[{"href":"https:\/\/sy-akka.de\/wordpress\/wp-json\/wp\/v2\/types\/page"}],"author":[{"embeddable":true,"href":"https:\/\/sy-akka.de\/wordpress\/wp-json\/wp\/v2\/users\/1"}],"replies":[{"embeddable":true,"href":"https:\/\/sy-akka.de\/wordpress\/wp-json\/wp\/v2\/comments?post=5141"}],"version-history":[{"count":10,"href":"https:\/\/sy-akka.de\/wordpress\/wp-json\/wp\/v2\/pages\/5141\/revisions"}],"predecessor-version":[{"id":6724,"href":"https:\/\/sy-akka.de\/wordpress\/wp-json\/wp\/v2\/pages\/5141\/revisions\/6724"}],"wp:attachment":[{"href":"https:\/\/sy-akka.de\/wordpress\/wp-json\/wp\/v2\/media?parent=5141"}],"curies":[{"name":"wp","href":"https:\/\/api.w.org\/{rel}","templated":true}]}}