{"id":5163,"date":"2017-08-14T21:03:50","date_gmt":"2017-08-15T01:03:50","guid":{"rendered":"http:\/\/sy-akka.de\/wordpress\/?page_id=5163"},"modified":"2022-08-26T15:19:29","modified_gmt":"2022-08-26T19:19:29","slug":"manoevertraining","status":"publish","type":"page","link":"https:\/\/sy-akka.de\/wordpress\/manoevertraining\/","title":{"rendered":"Man\u00f6vertraining"},"content":{"rendered":"<table border=\"0\" width=\"733\" cellspacing=\"0\" cellpadding=\"0\">\n<tbody>\n<tr align=\"LEFT\" valign=\"TOP\">\n<td style=\"text-align: justify;\" height=\"470\"><\/td>\n<td style=\"text-align: justify;\" colspan=\"3\" rowspan=\"3\" width=\"710\"><span style=\"font-family: Arial,Helvetica,Geneva,sans-serif,sans-serif;\">Im Fr\u00fchjahr 2005 war AKKA gerade zu Wasser gelassen und lag (fast) segelfertig an Paulsens Br\u00fccke in Arnis, als am Stegkopf eine andere Hallberg-Rassy vorbeif\u00e4hrt. Als sie umdreht, mache ich den Steg-Platzhirsch: ich laufe los, um die Leinen anzunehmen &#8211; aber nein, das will man gar nicht. Ich bin verbl\u00fcfft und sehe wunderliche Dinge: Eine lange Mittelleine, eine Frau am Ruder, die das Schiff ganz langsam und v\u00f6llig parallel zum Stegkopf man\u00f6vriert. Und ein Mensch, der dabei steht und kleine Fingerzeige gibt&#8230; Mir schwant: hier werden Man\u00f6ver trainiert, und je l\u00e4nger ich zuschaue, umso mehr m\u00f6chte ich das auch. Der Coach reicht mir seine Visitenkarte, und ein paar Wochen sp\u00e4ter sind wir &#8222;dran&#8220; :\u00a0 <a href=\"http:\/\/www.manoevertraining.de\">Man\u00f6vertraining bei Hilmar Knops<\/a>. <\/span><\/p>\n<p><span style=\"font-family: Arial,Helvetica,Geneva,sans-serif,sans-serif;\">Motto der Veranstaltung: &#8222;Das Bugstrahlruder bleibt aus!&#8220;\u00a0 Die Tage, die wir mit Hilmar verbringen, sind voller &#8222;&#8230;in diese L\u00fccke?! Nie! &#8220; und anschlie\u00dfender Aha-Erlebnisse.\u00a0 In Maasholm man\u00f6vrieren wir die dicke AKKA in eine enge Boxengasse, wozu jemand aufgeregt mit den Armen wedelt: &#8222;&#8230; dat is zu eng hier! Hier kommt Ihr nich&#8216; wieder raus! &#8222;. Wir fahren unbeirrt weiter, drehen mit Hilfe eines Pollers und geschickter Leinenf\u00fchrung um, fahren raus und nochmals rein &#8211; der andere Eigner gewinnt langsam wieder die normale Gesichtsfarbe zur\u00fcck, w\u00e4hrend wir dieses Mal &#8222;Schaulaufen r\u00fcckw\u00e4rts &#8220; machen. Niemals zuvor w\u00e4ren wir in so eine &#8222;Falle&#8220; hineingefahren&#8230; Auf dem Nachbarsteg hat sich mittlerweile der Besitzer einer Hallberg Rassy aufgebaut: &#8222;Mensch, ich wusste gar nicht, dass eine Rassy r\u00fcckw\u00e4rts f\u00e4hrt. Kann ich das auch lernen?!&#8220;\u00a0 Klar. Kann man. Und schon wechselt eine Visitenkarte den Besitzer&#8230;<\/span><\/p>\n<p><span style=\"font-family: Arial,Helvetica,Geneva,sans-serif,sans-serif;\">\u00a0<\/span><\/p>\n<p><span style=\"font-family: Arial,Helvetica,Geneva,sans-serif,sans-serif;\">Wir haben vieles in diesen Tagen gelernt. Ganz Praktisches und ziemlich viel Zutrauen, in uns und die Man\u00f6vrierf\u00e4higkeit der AKKA. H\u00e4fen sind irgendwie gr\u00f6\u00dfer geworden f\u00fcr uns. Hafenstress gibt es immer noch &#8211; aber keine Panik mehr&#8230;<\/span><\/p>\n<p>&nbsp;<\/p>\n\n\t\t<style type=\"text\/css\">\n\t\t\t#gallery-1 {\n\t\t\t\tmargin: auto;\n\t\t\t}\n\t\t\t#gallery-1 .gallery-item {\n\t\t\t\tfloat: left;\n\t\t\t\tmargin-top: 10px;\n\t\t\t\ttext-align: center;\n\t\t\t\twidth: 33%;\n\t\t\t}\n\t\t\t#gallery-1 img {\n\t\t\t\tborder: 2px solid #cfcfcf;\n\t\t\t}\n\t\t\t#gallery-1 .gallery-caption {\n\t\t\t\tmargin-left: 0;\n\t\t\t}\n\t\t\t\/* see gallery_shortcode() in wp-includes\/media.php *\/\n\t\t<\/style>\n\t\t<div data-carousel-extra='{\"blog_id\":1,\"permalink\":\"https:\\\/\\\/sy-akka.de\\\/wordpress\\\/manoevertraining\\\/\"}' id='gallery-1' class='gallery galleryid-5163 gallery-columns-3 gallery-size-thumbnail'><dl class='gallery-item'>\n\t\t\t<dt class='gallery-icon '>\n\t\t\t\t<a href='https:\/\/sy-akka.de\/wordpress\/manoevertraining\/mittelleine-vorwaerts\/'><img decoding=\"async\" src=\"https:\/\/i2.wp.com\/sy-akka.de\/wordpress\/wp-content\/Mittelleine-vorw\u00c3\u00a4rts.jpg?resize=150%2C150&amp;ssl=1\" class=\"attachment-thumbnail size-thumbnail\" alt=\"\" aria-describedby=\"gallery-1-5167\" data-attachment-id=\"5167\" data-permalink=\"https:\/\/sy-akka.de\/wordpress\/manoevertraining\/mittelleine-vorwaerts\/\" data-orig-file=\"https:\/\/i2.wp.com\/sy-akka.de\/wordpress\/wp-content\/Mittelleine-vorw\u00c3\u00a4rts.jpg?ssl=1\" data-orig-size=\"\" data-comments-opened=\"1\" data-image-meta=\"[]\" data-image-title=\"Mittelleine vorw\u00e4rts\" data-image-description=\"\" data-medium-file=\"https:\/\/i2.wp.com\/sy-akka.de\/wordpress\/wp-content\/Mittelleine-vorw\u00c3\u00a4rts.jpg?fit=300%2C300&amp;ssl=1\" data-large-file=\"https:\/\/i2.wp.com\/sy-akka.de\/wordpress\/wp-content\/Mittelleine-vorw\u00c3\u00a4rts.jpg?fit=1024%2C1024&amp;ssl=1\" \/><\/a>\n\t\t\t<\/dt>\n\t\t\t\t<dd class='wp-caption-text gallery-caption' id='gallery-1-5167'>\n\t\t\t\tAn diese Pf\u00c3\u00a4hle wollen ran!\n\t\t\t\t<\/dd><\/dl><dl class='gallery-item'>\n\t\t\t<dt class='gallery-icon landscape'>\n\t\t\t\t<a href='https:\/\/sy-akka.de\/wordpress\/manoevertraining\/mittelleine\/'><img loading=\"lazy\" decoding=\"async\" width=\"150\" height=\"150\" src=\"https:\/\/i0.wp.com\/sy-akka.de\/wordpress\/wp-content\/Mittelleine.jpg?resize=150%2C150&amp;ssl=1\" class=\"attachment-thumbnail size-thumbnail\" alt=\"\" aria-describedby=\"gallery-1-5168\" srcset=\"https:\/\/i0.wp.com\/sy-akka.de\/wordpress\/wp-content\/Mittelleine.jpg?resize=150%2C150&amp;ssl=1 150w, https:\/\/i0.wp.com\/sy-akka.de\/wordpress\/wp-content\/Mittelleine.jpg?zoom=2&amp;resize=150%2C150&amp;ssl=1 300w\" sizes=\"(max-width: 150px) 100vw, 150px\" data-attachment-id=\"5168\" data-permalink=\"https:\/\/sy-akka.de\/wordpress\/manoevertraining\/mittelleine\/\" data-orig-file=\"https:\/\/i0.wp.com\/sy-akka.de\/wordpress\/wp-content\/Mittelleine.jpg?fit=400%2C300&amp;ssl=1\" data-orig-size=\"400,300\" data-comments-opened=\"1\" data-image-meta=\"{&quot;aperture&quot;:&quot;0&quot;,&quot;credit&quot;:&quot;&quot;,&quot;camera&quot;:&quot;&quot;,&quot;caption&quot;:&quot;&quot;,&quot;created_timestamp&quot;:&quot;0&quot;,&quot;copyright&quot;:&quot;&quot;,&quot;focal_length&quot;:&quot;0&quot;,&quot;iso&quot;:&quot;0&quot;,&quot;shutter_speed&quot;:&quot;0&quot;,&quot;title&quot;:&quot;&quot;,&quot;orientation&quot;:&quot;0&quot;}\" data-image-title=\"Mittelleine\" data-image-description=\"\" data-medium-file=\"https:\/\/i0.wp.com\/sy-akka.de\/wordpress\/wp-content\/Mittelleine.jpg?fit=300%2C225&amp;ssl=1\" data-large-file=\"https:\/\/i0.wp.com\/sy-akka.de\/wordpress\/wp-content\/Mittelleine.jpg?fit=400%2C300&amp;ssl=1\" \/><\/a>\n\t\t\t<\/dt>\n\t\t\t\t<dd class='wp-caption-text gallery-caption' id='gallery-1-5168'>\n\t\t\t\tDie Mittelleine liegt\n\t\t\t\t<\/dd><\/dl><dl class='gallery-item'>\n\t\t\t<dt class='gallery-icon '>\n\t\t\t\t<a href='https:\/\/sy-akka.de\/wordpress\/manoevertraining\/manoeveranweisung\/'><img decoding=\"async\" src=\"https:\/\/i2.wp.com\/sy-akka.de\/wordpress\/wp-content\/Man\u00c3\u00b6veranweisung.jpg?resize=150%2C150&amp;ssl=1\" class=\"attachment-thumbnail size-thumbnail\" alt=\"\" aria-describedby=\"gallery-1-5166\" data-attachment-id=\"5166\" data-permalink=\"https:\/\/sy-akka.de\/wordpress\/manoevertraining\/manoeveranweisung\/\" data-orig-file=\"https:\/\/i2.wp.com\/sy-akka.de\/wordpress\/wp-content\/Man\u00c3\u00b6veranweisung.jpg?ssl=1\" data-orig-size=\"\" data-comments-opened=\"1\" data-image-meta=\"[]\" data-image-title=\"Man\u00f6veranweisung\" data-image-description=\"\" data-medium-file=\"https:\/\/i2.wp.com\/sy-akka.de\/wordpress\/wp-content\/Man\u00c3\u00b6veranweisung.jpg?fit=300%2C300&amp;ssl=1\" data-large-file=\"https:\/\/i2.wp.com\/sy-akka.de\/wordpress\/wp-content\/Man\u00c3\u00b6veranweisung.jpg?fit=1024%2C1024&amp;ssl=1\" \/><\/a>\n\t\t\t<\/dt>\n\t\t\t\t<dd class='wp-caption-text gallery-caption' id='gallery-1-5166'>\n\t\t\t\tLangsam vorw\u00c3\u00a4rts in die Leine!\n\t\t\t\t<\/dd><\/dl><br style=\"clear: both\" \/><dl class='gallery-item'>\n\t\t\t<dt class='gallery-icon landscape'>\n\t\t\t\t<a href='https:\/\/sy-akka.de\/wordpress\/manoevertraining\/ruderlegen\/'><img loading=\"lazy\" decoding=\"async\" width=\"150\" height=\"150\" src=\"https:\/\/i2.wp.com\/sy-akka.de\/wordpress\/wp-content\/Ruderlegen.jpg?resize=150%2C150&amp;ssl=1\" class=\"attachment-thumbnail size-thumbnail\" alt=\"\" aria-describedby=\"gallery-1-5169\" srcset=\"https:\/\/i2.wp.com\/sy-akka.de\/wordpress\/wp-content\/Ruderlegen.jpg?resize=150%2C150&amp;ssl=1 150w, https:\/\/i2.wp.com\/sy-akka.de\/wordpress\/wp-content\/Ruderlegen.jpg?zoom=2&amp;resize=150%2C150&amp;ssl=1 300w\" sizes=\"(max-width: 150px) 100vw, 150px\" data-attachment-id=\"5169\" data-permalink=\"https:\/\/sy-akka.de\/wordpress\/manoevertraining\/ruderlegen\/\" data-orig-file=\"https:\/\/i2.wp.com\/sy-akka.de\/wordpress\/wp-content\/Ruderlegen.jpg?fit=400%2C300&amp;ssl=1\" data-orig-size=\"400,300\" data-comments-opened=\"1\" data-image-meta=\"{&quot;aperture&quot;:&quot;0&quot;,&quot;credit&quot;:&quot;&quot;,&quot;camera&quot;:&quot;&quot;,&quot;caption&quot;:&quot;&quot;,&quot;created_timestamp&quot;:&quot;0&quot;,&quot;copyright&quot;:&quot;&quot;,&quot;focal_length&quot;:&quot;0&quot;,&quot;iso&quot;:&quot;0&quot;,&quot;shutter_speed&quot;:&quot;0&quot;,&quot;title&quot;:&quot;&quot;,&quot;orientation&quot;:&quot;0&quot;}\" data-image-title=\"Ruderlegen\" data-image-description=\"\" data-medium-file=\"https:\/\/i2.wp.com\/sy-akka.de\/wordpress\/wp-content\/Ruderlegen.jpg?fit=300%2C225&amp;ssl=1\" data-large-file=\"https:\/\/i2.wp.com\/sy-akka.de\/wordpress\/wp-content\/Ruderlegen.jpg?fit=400%2C300&amp;ssl=1\" \/><\/a>\n\t\t\t<\/dt>\n\t\t\t\t<dd class='wp-caption-text gallery-caption' id='gallery-1-5169'>\n\t\t\t\tRuder legen!\n\t\t\t\t<\/dd><\/dl><dl class='gallery-item'>\n\t\t\t<dt class='gallery-icon landscape'>\n\t\t\t\t<a href='https:\/\/sy-akka.de\/wordpress\/manoevertraining\/langsam-an-den-steg\/'><img loading=\"lazy\" decoding=\"async\" width=\"150\" height=\"150\" src=\"https:\/\/i2.wp.com\/sy-akka.de\/wordpress\/wp-content\/Langsam-an-den-Steg.jpg?resize=150%2C150&amp;ssl=1\" class=\"attachment-thumbnail size-thumbnail\" alt=\"\" aria-describedby=\"gallery-1-5165\" srcset=\"https:\/\/i2.wp.com\/sy-akka.de\/wordpress\/wp-content\/Langsam-an-den-Steg.jpg?resize=150%2C150&amp;ssl=1 150w, https:\/\/i2.wp.com\/sy-akka.de\/wordpress\/wp-content\/Langsam-an-den-Steg.jpg?zoom=2&amp;resize=150%2C150&amp;ssl=1 300w\" sizes=\"(max-width: 150px) 100vw, 150px\" data-attachment-id=\"5165\" data-permalink=\"https:\/\/sy-akka.de\/wordpress\/manoevertraining\/langsam-an-den-steg\/\" data-orig-file=\"https:\/\/i2.wp.com\/sy-akka.de\/wordpress\/wp-content\/Langsam-an-den-Steg.jpg?fit=400%2C300&amp;ssl=1\" data-orig-size=\"400,300\" data-comments-opened=\"1\" data-image-meta=\"{&quot;aperture&quot;:&quot;0&quot;,&quot;credit&quot;:&quot;&quot;,&quot;camera&quot;:&quot;&quot;,&quot;caption&quot;:&quot;&quot;,&quot;created_timestamp&quot;:&quot;0&quot;,&quot;copyright&quot;:&quot;&quot;,&quot;focal_length&quot;:&quot;0&quot;,&quot;iso&quot;:&quot;0&quot;,&quot;shutter_speed&quot;:&quot;0&quot;,&quot;title&quot;:&quot;&quot;,&quot;orientation&quot;:&quot;0&quot;}\" data-image-title=\"Langsam an den Steg\" data-image-description=\"\" data-medium-file=\"https:\/\/i2.wp.com\/sy-akka.de\/wordpress\/wp-content\/Langsam-an-den-Steg.jpg?fit=300%2C225&amp;ssl=1\" data-large-file=\"https:\/\/i2.wp.com\/sy-akka.de\/wordpress\/wp-content\/Langsam-an-den-Steg.jpg?fit=400%2C300&amp;ssl=1\" \/><\/a>\n\t\t\t<\/dt>\n\t\t\t\t<dd class='wp-caption-text gallery-caption' id='gallery-1-5165'>\n\t\t\t\tFast am Steg!\n\t\t\t\t<\/dd><\/dl><dl class='gallery-item'>\n\t\t\t<dt class='gallery-icon landscape'>\n\t\t\t\t<a href='https:\/\/sy-akka.de\/wordpress\/manoevertraining\/fertig\/'><img loading=\"lazy\" decoding=\"async\" width=\"150\" height=\"150\" src=\"https:\/\/i0.wp.com\/sy-akka.de\/wordpress\/wp-content\/Fertig.jpg?resize=150%2C150&amp;ssl=1\" class=\"attachment-thumbnail size-thumbnail\" alt=\"\" aria-describedby=\"gallery-1-5164\" srcset=\"https:\/\/i0.wp.com\/sy-akka.de\/wordpress\/wp-content\/Fertig.jpg?resize=150%2C150&amp;ssl=1 150w, https:\/\/i0.wp.com\/sy-akka.de\/wordpress\/wp-content\/Fertig.jpg?zoom=2&amp;resize=150%2C150&amp;ssl=1 300w\" sizes=\"(max-width: 150px) 100vw, 150px\" data-attachment-id=\"5164\" data-permalink=\"https:\/\/sy-akka.de\/wordpress\/manoevertraining\/fertig\/\" data-orig-file=\"https:\/\/i0.wp.com\/sy-akka.de\/wordpress\/wp-content\/Fertig.jpg?fit=400%2C300&amp;ssl=1\" data-orig-size=\"400,300\" data-comments-opened=\"1\" data-image-meta=\"{&quot;aperture&quot;:&quot;0&quot;,&quot;credit&quot;:&quot;&quot;,&quot;camera&quot;:&quot;&quot;,&quot;caption&quot;:&quot;&quot;,&quot;created_timestamp&quot;:&quot;0&quot;,&quot;copyright&quot;:&quot;&quot;,&quot;focal_length&quot;:&quot;0&quot;,&quot;iso&quot;:&quot;0&quot;,&quot;shutter_speed&quot;:&quot;0&quot;,&quot;title&quot;:&quot;&quot;,&quot;orientation&quot;:&quot;0&quot;}\" data-image-title=\"Fertig\" data-image-description=\"\" data-medium-file=\"https:\/\/i0.wp.com\/sy-akka.de\/wordpress\/wp-content\/Fertig.jpg?fit=300%2C225&amp;ssl=1\" data-large-file=\"https:\/\/i0.wp.com\/sy-akka.de\/wordpress\/wp-content\/Fertig.jpg?fit=400%2C300&amp;ssl=1\" \/><\/a>\n\t\t\t<\/dt>\n\t\t\t\t<dd class='wp-caption-text gallery-caption' id='gallery-1-5164'>\n\t\t\t\tFertig! Leine los!\n\t\t\t\t<\/dd><\/dl><br style=\"clear: both\" \/>\n\t\t<\/div>\n\n<p><span style=\"font-family: Arial,Helvetica,Geneva,sans-serif,sans-serif;\">\u00a0<\/span><\/td>\n<\/tr>\n<\/tbody>\n<\/table>\n","protected":false},"excerpt":{"rendered":"<p>Im Fr\u00fchjahr 2005 war AKKA gerade zu Wasser gelassen und lag (fast) segelfertig an Paulsens Br\u00fccke in Arnis, als am Stegkopf eine andere Hallberg-Rassy vorbeif\u00e4hrt. Als sie umdreht, mache ich den Steg-Platzhirsch: ich laufe los, um die Leinen anzunehmen &#8211; &hellip; <a href=\"https:\/\/sy-akka.de\/wordpress\/manoevertraining\/\">Weiterlesen <span class=\"meta-nav\">&rarr;<\/span><\/a><\/p>\n","protected":false},"author":1,"featured_media":0,"parent":0,"menu_order":0,"comment_status":"closed","ping_status":"closed","template":"","meta":{"spay_email":"","footnotes":""},"jetpack_sharing_enabled":true,"jetpack_shortlink":"https:\/\/wp.me\/P9lYZL-1lh","jetpack_likes_enabled":true,"jetpack-related-posts":[],"_links":{"self":[{"href":"https:\/\/sy-akka.de\/wordpress\/wp-json\/wp\/v2\/pages\/5163"}],"collection":[{"href":"https:\/\/sy-akka.de\/wordpress\/wp-json\/wp\/v2\/pages"}],"about":[{"href":"https:\/\/sy-akka.de\/wordpress\/wp-json\/wp\/v2\/types\/page"}],"author":[{"embeddable":true,"href":"https:\/\/sy-akka.de\/wordpress\/wp-json\/wp\/v2\/users\/1"}],"replies":[{"embeddable":true,"href":"https:\/\/sy-akka.de\/wordpress\/wp-json\/wp\/v2\/comments?post=5163"}],"version-history":[{"count":4,"href":"https:\/\/sy-akka.de\/wordpress\/wp-json\/wp\/v2\/pages\/5163\/revisions"}],"predecessor-version":[{"id":7313,"href":"https:\/\/sy-akka.de\/wordpress\/wp-json\/wp\/v2\/pages\/5163\/revisions\/7313"}],"wp:attachment":[{"href":"https:\/\/sy-akka.de\/wordpress\/wp-json\/wp\/v2\/media?parent=5163"}],"curies":[{"name":"wp","href":"https:\/\/api.w.org\/{rel}","templated":true}]}}