{"id":5180,"date":"2017-08-14T21:37:53","date_gmt":"2017-08-15T01:37:53","guid":{"rendered":"http:\/\/sy-akka.de\/wordpress\/?page_id=5180"},"modified":"2017-08-14T21:44:39","modified_gmt":"2017-08-15T01:44:39","slug":"literatur-wetter","status":"publish","type":"page","link":"https:\/\/sy-akka.de\/wordpress\/links-literatur-wetter\/literatur-wetter\/","title":{"rendered":"Literatur &#038; Wetter"},"content":{"rendered":"<p><strong><i>Kinsberger\/Hirche<\/i><\/strong><b><i> &#8211; Blauwassersegeln heute<\/i><\/b>.\u00a0 Unsere &#8222;Bibel\u20ac\u009d f\u00fcr Refit und Ausr\u00fcstung<\/p>\n<p><strong><i>Nigel Calder<\/i><\/strong><b><i> . Boatowner&#8217;s Mechanical and Electrical Manual:<br \/>\nHow to Maintain, Repair, and Improve Your Boat&#8217;s Essential Systems .<br \/>\n<\/i><\/b><strong><i>Nigel Calder<\/i><\/strong><b><i>\u20ac\u2122s Cruising Handbook<br \/>\n<\/i><\/b><strong><i>Nigel Calder<\/i><\/strong><b><i>. Marine Diesel Engines<\/i><\/b><i>.<\/i><br \/>\nTja. Nigel Calder &#8211; vom Knoten bis zur Edelstahlkorrosion&#8230; einfach unentbehrlich<em>!<\/em><i><\/i><\/p>\n<p><strong><i>R\u00fcdiger Hirche<\/i><\/strong><b><i> &#8211; Amateurfunk an Bord<\/i><\/b>.<br \/>\nEin Muss f\u00fcr Amateurfunkneulinge<\/p>\n<p><strong><i>Amanda Swan-Neal<\/i><\/strong><b><i>. The Essential Galley Companion<\/i><\/b>.<br \/>\nProvisioning, Pantryplanung, Tipps und Tricks von der MAIDEN-Riggerin<\/p>\n<p><strong><i>Jim Grant<\/i><\/strong><b><i> &#8211; The Complete Canvasworkers Guide<\/i><\/b>.<br \/>\nErspart einige Experimente beim Polstern und N\u00e4hen.<\/p>\n<p><strong><i>Ralf + Birgit Londe<\/i><\/strong><b><i> &#8211; Die Proviantbibel<\/i><\/b>.<br \/>\nViele praktische Hinweise f\u00fcr Selbstversorger (+ etwas M\u00fcsli-Dogma)<\/p>\n<p><strong><i>Scott+Wendy Bannerot<\/i><\/strong><b><i> &#8211; The Cruisers Handbook of Fishing<\/i><\/b>.<br \/>\nAlles zum Angeln. Von Seglern f\u00fcr Segler<\/p>\n<p><i><strong>Steve + Linda Dashew<\/strong> &#8211; Mariners Weather Handbook &#8211; A Guide to Forecasts and Tactics<\/i><\/p>\n<p>&nbsp;<\/p>\n<p align=\"JUSTIFY\"><strong><span style=\"font-family: Arial,Helvetica,Geneva,sans-serif,sans-serif;\">Segelf\u00fchrer<\/span><\/strong><\/p>\n<p align=\"JUSTIFY\"><span style=\"font-family: Arial,Helvetica,Geneva,sans-serif,sans-serif;\"><b>West Afrika<\/b><\/span><b><\/b><\/p>\n<p align=\"JUSTIFY\"><span style=\"font-family: Arial,Helvetica,Geneva,sans-serif,sans-serif;\"><i>Steve Jones, Cruising Guide to West Africa &#8211;<br \/>\n<\/i>Senegal, Gambia und Guinea Bissau mit Bijagos Inseln<\/span><\/p>\n<p align=\"JUSTIFY\"><span style=\"font-family: Arial,Helvetica,Geneva,sans-serif,sans-serif;\"><i>Nancy &amp; Brandon Pabst. General Notes on West Africa<\/i> &#8211;<br \/>\nEin Skirpt der Segelyacht &#8222;Poco a Poco\u20ac\u009d<\/span><\/p>\n<p align=\"JUSTIFY\"><span style=\"font-family: Arial,Helvetica,Geneva,sans-serif,sans-serif;\"><br \/>\n<\/span><span style=\"font-family: Arial,Helvetica,Geneva,sans-serif,sans-serif;\"><b>S\u00fcdatlantik<\/b><\/span><\/p>\n<p align=\"JUSTIFY\"><span style=\"font-family: Arial,Helvetica,Geneva,sans-serif,sans-serif;\">Marcel Ceccon. Cruising the Coast of Brasil<\/span><\/p>\n<p align=\"JUSTIFY\"><span style=\"font-family: Arial,Helvetica,Geneva,sans-serif,sans-serif;\">Tom Morgan, South Atlantic Circuit<\/span><\/p>\n<p align=\"JUSTIFY\"><span style=\"font-family: Arial,Helvetica,Geneva,sans-serif,sans-serif;\">\u00a0<\/span><\/p>\n<p align=\"JUSTIFY\"><strong><span style=\"font-family: Arial,Helvetica,Geneva,sans-serif,sans-serif;\">Karibik<\/span><\/strong><b><\/b><\/p>\n<p align=\"JUSTIFY\"><span style=\"font-family: Arial,Helvetica,Geneva,sans-serif,sans-serif;\"><b><i>Chris Doyle + Co-Autoren &#8211; <\/i>d<\/b>ie meist genutzten und aktuellsten Segelf\u00fchrer f\u00fcr die Region<br \/>\nSpeziell:<br \/>\n<b><i>Cruising Guide to Venezuela and Bonaire<br \/>\nCruising Guide to Trindiad&amp;Tobago and Barbados<\/i><\/b><\/span><b><i><\/i><\/b><\/p>\n<p align=\"JUSTIFY\"><span style=\"font-family: Arial,Helvetica,Geneva,sans-serif,sans-serif;\"><b><i>Donald Street.<br \/>\n<\/i><\/b>Diverse Segelf\u00fchrer f\u00fcr die Kleinen Antillen. Alles \u00c4ltere Ausgaben, aber Street wirbt noch immer unter der Devise: &#8222;Rocks don\u20ac\u2122t move\u20ac\u009d &#8211; ob er nun sein in Fels gehauenes Werk meint oder die Felsen, die er beschreibt: es stimmt&#8230;<br \/>\nImmer noch n\u00fctzlich und am\u00fcsant.<\/span><\/p>\n<p align=\"JUSTIFY\"><span style=\"font-family: Arial,Helvetica,Geneva,sans-serif,sans-serif;\"><b><i>Gotto Go Cruising &#8211; The ABC Islands<\/i><\/b>. Sinnvoller F\u00fchrer f\u00fcr die Niederl\u00e4ndischen Antillen<\/span><\/p>\n<p align=\"JUSTIFY\"><span style=\"font-family: Arial,Helvetica,Geneva,sans-serif,sans-serif;\"><b><i>Eric Bauhaus. The Panama Cruising Guide<\/i><\/b><i>. 4. Auflage,<br \/>\n<\/i>Exakte Karten insbesondere von den San Blas-Inseln. Die digitalisierten\u00a0 Karten eignen sich perfekt f\u00fcr die Nutzung in SeaClear<\/span><\/p>\n<p align=\"JUSTIFY\"><span style=\"font-family: Arial,Helvetica,Geneva,sans-serif,sans-serif;\">\u00a0<\/span><\/p>\n<p align=\"JUSTIFY\"><strong><span style=\"font-family: Arial,Helvetica,Geneva,sans-serif,sans-serif;\">Pazifik:<\/span><\/strong><b><\/b><\/p>\n<p align=\"JUSTIFY\"><span style=\"font-family: Arial,Helvetica,Geneva,sans-serif,sans-serif;\"><b><i>Hinz, Landfalls of Paradise<\/i> &#8211;<br \/>\n<\/b>etwas \u00e4lter, umfangreicher Planungshelfer f\u00fcr den Pazifik, aber wenig Detailinfo<\/span><\/p>\n<p align=\"JUSTIFY\"><span style=\"font-family: Arial,Helvetica,Geneva,sans-serif,sans-serif;\"><b><i>Charles \u00b4Margo Wood. Charlies Charts Polynesia<\/i><\/b><i> <\/i>&#8211;<br \/>\nebenfalls \u00e4lter, aber mit Internet-Updates. Sehr empfehlenswerte Detailinfos &#8211; unseres Basisinformation<\/span><\/p>\n<p align=\"JUSTIFY\"><span style=\"font-family: Arial,Helvetica,Geneva,sans-serif,sans-serif;\"><b><i>Patrick Bonnette+\u00e0\u2030mmanuel Deschamps. Guide to Navigation in French Polynesia<\/i>.<br \/>\n<\/b>Der Untertitel sagt\u20ac\u2122s: &#8222;Karten, Ankerpl\u00e4tze, P\u00e4sse und H\u00e4fen, Tourismus\u20ac\u009d. Empfehlenswert!<\/span><\/p>\n<p align=\"JUSTIFY\"><span style=\"font-family: Arial,Helvetica,Geneva,sans-serif,sans-serif;\"><b><i>Graham Brice + Co-Autoren. Destination N.Z. &#8211; Blue Water Cruisers Guide, New Zealand*s NOrthern Waters<\/i><\/b><i> <\/i>.<br \/>\nAlles \u00fcber Neuseelands Nordinsel als Segelziel<\/span><\/p>\n<p align=\"JUSTIFY\"><span style=\"font-family: Arial,Helvetica,Geneva,sans-serif,sans-serif;\"><br \/>\n<\/span><span style=\"font-family: Arial,Helvetica,Geneva,sans-serif,sans-serif;\"><i>T<b>aunton. Pacific Islands Pilot <\/b> &#8211; <\/i>Mehrb\u00e4ndige Grundinformation der Navy<\/span><\/p>\n<p align=\"JUSTIFY\"><strong><span style=\"font-family: Arial,Helvetica,Geneva,sans-serif,sans-serif;\">Zum Thema &#8222;Wetter\u20ac\u009d im Pazifik:<\/span><\/strong><\/p>\n<p align=\"JUSTIFY\"><span style=\"font-family: Arial,Helvetica,Geneva,sans-serif,sans-serif;\">Die Links auf der Seite Understanding Pacific Weather der SY <\/span><a href=\"http:\/\/%20%20svsoggypaws.com\/files\/index.htm\"><span style=\"font-family: Arial,Helvetica,Geneva,sans-serif,sans-serif;\">SOGGY PAWS<\/span><\/a><span style=\"font-family: Arial,Helvetica,Geneva,sans-serif,sans-serif;\"> f\u00fchren zu sinnvollen Informationen, die das Verst\u00e4ndnis f\u00fcr das Pazifikwetter f\u00f6rdern.<\/span><\/p>\n<p>F\u00fcr uns besonders wichtig<br \/>\n<strong>Nadi Fleet Code<\/strong> &#8211; verschl\u00fcsselte Daten zur Darstellung der Druckgebiete im S\u00fcdwestPazifik.<br \/>\nWir benutzen das &#8222;PhysPlot\u20ac\u009d-Programm um den Code zu entschl\u00fcsseln, den man sich \u00fcber die Saildocs via Winlink oder Sailmail t\u00e4glich herunterladen kann &#8211; wer den Code im Katalog nicht findet, kann ihn einfach unter &#8222;Request\u20ac\u009d mit &#8222;send fleet.nadi anfordern<\/p>\n<p align=\"JUSTIFY\"><strong><a href=\"http:\/\/weathergram.blogspot.com\"><span style=\"font-family: Arial,Helvetica,Geneva,sans-serif,sans-serif;\">Bob McDavitts Weathergram<\/span><\/a><\/strong><span style=\"font-family: Arial,Helvetica,Geneva,sans-serif,sans-serif;\"> &#8211; sehr sinnvolle w\u00f6chentliche Vorausschau auf die Wetterentwicklung<\/span><\/p>\n","protected":false},"excerpt":{"rendered":"<p>Kinsberger\/Hirche &#8211; Blauwassersegeln heute.\u00a0 Unsere &#8222;Bibel\u20ac\u009d f\u00fcr Refit und Ausr\u00fcstung Nigel Calder . Boatowner&#8217;s Mechanical and Electrical Manual: How to Maintain, Repair, and Improve Your Boat&#8217;s Essential Systems . Nigel Calder\u20ac\u2122s Cruising Handbook Nigel Calder. Marine Diesel Engines. Tja. Nigel &hellip; <a href=\"https:\/\/sy-akka.de\/wordpress\/links-literatur-wetter\/literatur-wetter\/\">Weiterlesen <span class=\"meta-nav\">&rarr;<\/span><\/a><\/p>\n","protected":false},"author":1,"featured_media":0,"parent":5184,"menu_order":0,"comment_status":"closed","ping_status":"closed","template":"","meta":{"spay_email":"","footnotes":""},"jetpack_sharing_enabled":true,"jetpack_shortlink":"https:\/\/wp.me\/P9lYZL-1ly","jetpack_likes_enabled":true,"jetpack-related-posts":[],"_links":{"self":[{"href":"https:\/\/sy-akka.de\/wordpress\/wp-json\/wp\/v2\/pages\/5180"}],"collection":[{"href":"https:\/\/sy-akka.de\/wordpress\/wp-json\/wp\/v2\/pages"}],"about":[{"href":"https:\/\/sy-akka.de\/wordpress\/wp-json\/wp\/v2\/types\/page"}],"author":[{"embeddable":true,"href":"https:\/\/sy-akka.de\/wordpress\/wp-json\/wp\/v2\/users\/1"}],"replies":[{"embeddable":true,"href":"https:\/\/sy-akka.de\/wordpress\/wp-json\/wp\/v2\/comments?post=5180"}],"version-history":[{"count":2,"href":"https:\/\/sy-akka.de\/wordpress\/wp-json\/wp\/v2\/pages\/5180\/revisions"}],"predecessor-version":[{"id":5187,"href":"https:\/\/sy-akka.de\/wordpress\/wp-json\/wp\/v2\/pages\/5180\/revisions\/5187"}],"up":[{"embeddable":true,"href":"https:\/\/sy-akka.de\/wordpress\/wp-json\/wp\/v2\/pages\/5184"}],"wp:attachment":[{"href":"https:\/\/sy-akka.de\/wordpress\/wp-json\/wp\/v2\/media?parent=5180"}],"curies":[{"name":"wp","href":"https:\/\/api.w.org\/{rel}","templated":true}]}}