{"id":5202,"date":"2017-08-15T08:26:01","date_gmt":"2017-08-15T12:26:01","guid":{"rendered":"http:\/\/sy-akka.de\/wordpress\/?page_id=5202"},"modified":"2020-07-07T17:46:48","modified_gmt":"2020-07-07T21:46:48","slug":"das-schiff","status":"publish","type":"page","link":"https:\/\/sy-akka.de\/wordpress\/crew-und-schiff\/das-schiff\/","title":{"rendered":"Das Schiff"},"content":{"rendered":"<div id=\"attachment_5094\" style=\"width: 258px\" class=\"wp-caption alignleft\"><a href=\"http:\/\/sy-akka.de\/wordpress\/schiff-crew__trashed\/hr-42-sailplan\/\" rel=\"attachment wp-att-5094\"><img loading=\"lazy\" decoding=\"async\" aria-describedby=\"caption-attachment-5094\" data-attachment-id=\"5094\" data-permalink=\"https:\/\/sy-akka.de\/wordpress\/hr-42-sailplan\/\" data-orig-file=\"https:\/\/i2.wp.com\/sy-akka.de\/wordpress\/wp-content\/HR-42-Sailplan.gif?fit=532%2C644&amp;ssl=1\" data-orig-size=\"532,644\" data-comments-opened=\"1\" data-image-meta=\"{&quot;aperture&quot;:&quot;0&quot;,&quot;credit&quot;:&quot;&quot;,&quot;camera&quot;:&quot;&quot;,&quot;caption&quot;:&quot;&quot;,&quot;created_timestamp&quot;:&quot;0&quot;,&quot;copyright&quot;:&quot;&quot;,&quot;focal_length&quot;:&quot;0&quot;,&quot;iso&quot;:&quot;0&quot;,&quot;shutter_speed&quot;:&quot;0&quot;,&quot;title&quot;:&quot;&quot;,&quot;orientation&quot;:&quot;0&quot;}\" data-image-title=\"HR 42 Sailplan\" data-image-description=\"\" data-medium-file=\"https:\/\/i2.wp.com\/sy-akka.de\/wordpress\/wp-content\/HR-42-Sailplan.gif?fit=248%2C300&amp;ssl=1\" data-large-file=\"https:\/\/i2.wp.com\/sy-akka.de\/wordpress\/wp-content\/HR-42-Sailplan.gif?fit=532%2C644&amp;ssl=1\" class=\"size-medium wp-image-5094\" src=\"https:\/\/i2.wp.com\/sy-akka.de\/wordpress\/wp-content\/HR-42-Sailplan-248x300.gif?resize=248%2C300\" alt=\"\" width=\"248\" height=\"300\"  data-recalc-dims=\"1\"><\/a><p id=\"caption-attachment-5094\" class=\"wp-caption-text\">Eine Hallberg Rassy 42 Ketch im Seitenriss<\/p><\/div>\n<p>&nbsp;<\/p>\n<p>&nbsp;<\/p>\n<p>&nbsp;<\/p>\n<p>&nbsp;<\/p>\n<p style=\"text-align: justify;\"><b>Hallberg Rassy 42 Ketch<br \/>\nBaunummer 143<br \/>\nBaujahr 1986<br \/>\nRiss: Olle Enderlein<br \/>\nL\u00e4nge \u00fc.a :12,95<br \/>\nBreite: 3,80<br \/>\nTiefgang: 1,78<\/b><\/p>\n<p>&nbsp;<\/p>\n<p style=\"text-align: justify;\">Den Namen AKKA tr\u00e4gt unser Schiff nach der Leitgans aus dem Buch &#8222;Nils Holgerssons wunderbare Reise mit den G\u00e4nsen&#8220; von Selma Lagerl\u00f6f.<br \/>\nAKKA af Kebnekaise war eine sehr erfahrene, alte Gans, die nicht nur Smirre, den Fuchs, im Griff hatte, sondern auch sonst immer wusste, wo es lang ging. So eine Reisegef\u00e4hrtin muss sich einfach gut machen.<\/p>\n<p style=\"text-align: justify;\" align=\"JUSTIFY\">Wir hatten bef\u00fcrchtet, dass AKKA in irgendeiner Sprache der Welt etwas Unangenehmes bedeuten k\u00f6nnte, hatten aber nicht geahnt, dass es uns schon in Finnland erwischen w\u00fcrde:<br \/>\nAb den Aland-Inseln war der Schiffsname f\u00fcr viele Finnen Anlass zum Lachen, Grinsen, Schmunzeln. Wir waren irritiert &#8211; was hei\u00dft blo\u00df AKKA? Aber die Finnen lie\u00dfen uns auf die Aufkl\u00e4rung nicht lange warten:<\/p>\n<p style=\"text-align: justify;\" align=\"JUSTIFY\">AKKA hei\u00dft auf finnisch &#8222;Weib&#8220; oder &#8222;alte Frau&#8220; und das ist eigentlich genau so, wie Selma Lagerl\u00f6f die alte Gans beschrieben hat: Vom Leben gezeichnet. Zerzaust. Mit zerschundenen&nbsp; F\u00fc\u00dfen. Aber mit Lebenserfahrung. Wir waren es dennoch zufrieden &#8211; und wir hatten Gelegenheit zu vielen netten Schnacks mit Finnen, denn einen kleinen Beiklang von &#8222;Ziege, Hexe&#8220; wollen wir nicht verschweigen. Sollten wir allerdings wieder dorthin reisen, dann vielleicht mit einer Namenserg\u00e4nzung &#8211; AKKA Kebnekaiselainen, so hei\u00dft die Gans in Finnland.<\/p>\n<p style=\"text-align: justify;\">In der Materialfrage &#8211; Kunststoff, Aluminium, Stahl &#8211; waren wir eher leidenschaftslos: ein gutes Schiff braucht Pflege, ob nun Osmoseprophylaxe, Rostnasenpinseln oder Korrosionsschutz; am alten Streit um Festigkeit im Havariefall konnten wir nicht recht teilnehmen.&nbsp; Bei der Bauform stand die Seeg\u00e4ngigkeit im Vordergrund. In Sachen Gr\u00f6\u00dfe wussten wir wohl, dass kleiner mehr sein kann, und unsere pers\u00f6nliche Obergrenze hatten wir bei einer Swan 44 gefunden &#8211; man konnte nur noch unter M\u00fchen auf den Baum klettern, um das Gro\u00dffall anzusch\u00e4keln, ab einer bestimmten Gr\u00f6\u00dfe werden auch die Segelfl\u00e4chen zu gro\u00df, und es h\u00e4lt sehr viel zus\u00e4tzlicher Technik Einzug. Die Atlantic &#8211; ein Alubau aus Holland &#8211; war eine Weile Traum und Hingucker. Ovni &#8211; gefiel nur der halben Crew. Hans Christian? Schiffig ist ja sch\u00f6n, aber man kann es auch \u00fcbertreiben. Hutting. Contest, Mal\u00f6. Wir waren \u00fcber Jahre Stammg\u00e4ste auf den erreichbaren Bootsmessen,&nbsp; auf der Hiswa te Water in Ijmuiden, nat\u00fcrlich in Hamburg, in Southhampton.&nbsp; Und eigentlich war klar: neue Schiffe in entsprechender Qualit\u00e4t waren f\u00fcr uns unerschwinglich, Selbstbau schon aus zeitlichen Gr\u00fcnden&nbsp; ausgeschlossen. Also: Gebrauchtboot.<br \/>\nEin weiterer Grund, sich auf dsm Gebrauchtmarkt umzuschauen war unser Eindruck, dass viele der modernen Yachten uns weniger langfahrtgeeignet schienen als fr\u00fchere. Alte Swans: h\u00f6chst erstrebenswert, aber nicht zu bezahlen. Die Jonmeri 40 \u00e4hnelte unserer Lieblings-Swan, der 411, einer S&amp;S-Yacht, ja, die w\u00e4r&#8217;s, w\u00e4re sie denn auf dem Markt zu finden. Der Fokus fiel dann auf die Serienschiffe von der Insel Orust, woher Hallberg Rassy, Mal\u00f6\u00b8, Najad kommen.<\/p>\n<p style=\"text-align: justify;\" align=\"JUSTIFY\">In Neustadt\/Holstein zeigte uns ein freundlicher (und stolzer) Eigner einer HR 42 Sloop sein Schiff &#8211; wir hatten ihn vom Steg aus geradezu belagert. Wir durften geschlagene 4 Stunden in alle Ecken schauen, alle do-s und don&#8217;t-s wurden uns erkl\u00e4rt. Hmh &#8211; ja, das w\u00fcrde uns gefallen.<\/p>\n<p style=\"text-align: justify;\" align=\"JUSTIFY\">Als es wirklich so weit war, schauten wir zun\u00e4chst nach Schiffen in der Gr\u00f6\u00dfe um 38 Fu\u00df, aber die 42er hatten wir im Hinterkopf. Die minimalen Aufbauten und wunderbar aufger\u00e4umten Decks der Enderlein-Risse gefielen uns gut, und wir begannen im Herbst 2003, konkret nach einer HR 42 zu suchen, im Internet, in Bootsb\u00f6rsen, in Yachtzeitschriften. So stie\u00dfen wir auf die perfekte FRIESLAND, die wir gern erworben h\u00e4tten, aber leider ging die Yacht an einen anderen Interessenten. Entt\u00e4uscht erweiterten wir den Suchbereich, nahmen Kontakt mit Maklern, mit zur\u00fcckgekehrten Weltumseglern im Mittelmeer auf. An einem Herbstwochenende fuhren wir nach D\u00e4nemark und sahen eine Ketch in \u00fcblem Zustand.<\/p>\n<div id=\"attachment_5129\" style=\"width: 228px\" class=\"wp-caption alignleft\"><a href=\"http:\/\/sy-akka.de\/wordpress\/schiff-crew__trashed\/das-schiff\/thalita\/\" rel=\"attachment wp-att-5129\"><img loading=\"lazy\" decoding=\"async\" aria-describedby=\"caption-attachment-5129\" data-attachment-id=\"5129\" data-permalink=\"https:\/\/sy-akka.de\/wordpress\/das-schiff\/thalita\/\" data-orig-file=\"https:\/\/i2.wp.com\/sy-akka.de\/wordpress\/wp-content\/Thalita.jpg?fit=218%2C153&amp;ssl=1\" data-orig-size=\"218,153\" data-comments-opened=\"1\" data-image-meta=\"{&quot;aperture&quot;:&quot;0&quot;,&quot;credit&quot;:&quot;&quot;,&quot;camera&quot;:&quot;&quot;,&quot;caption&quot;:&quot;&quot;,&quot;created_timestamp&quot;:&quot;0&quot;,&quot;copyright&quot;:&quot;&quot;,&quot;focal_length&quot;:&quot;0&quot;,&quot;iso&quot;:&quot;0&quot;,&quot;shutter_speed&quot;:&quot;0&quot;,&quot;title&quot;:&quot;&quot;,&quot;orientation&quot;:&quot;0&quot;}\" data-image-title=\"Thalita\" data-image-description=\"\" data-medium-file=\"https:\/\/i2.wp.com\/sy-akka.de\/wordpress\/wp-content\/Thalita.jpg?fit=218%2C153&amp;ssl=1\" data-large-file=\"https:\/\/i2.wp.com\/sy-akka.de\/wordpress\/wp-content\/Thalita.jpg?fit=218%2C153&amp;ssl=1\" class=\"size-full wp-image-5129\" src=\"https:\/\/i2.wp.com\/sy-akka.de\/wordpress\/wp-content\/Thalita.jpg?resize=218%2C153\" alt=\"\" width=\"218\" height=\"153\"  data-recalc-dims=\"1\"><\/a><p id=\"caption-attachment-5129\" class=\"wp-caption-text\">Da lag sie, die Thalita&#8230;<\/p><\/div>\n<p style=\"text-align: justify;\" align=\"JUSTIFY\">Es war schon dunkel, als wir auf dem R\u00fcckweg in Flensburg ein weiteres Expos\u00e9 aus dem Webmail-Postkasten fischten, Liegeplatz&nbsp; Veere in den Niederlanden. &#8222;Keine Ahnung, wo das liegt&#8230;&#8220; &#8211; Ijsselmeer war jedenfalls ziemlich danebengeraten. Die folgende Fahrt von der d\u00e4nischen an die belgische Grenze lohnte sich. An einem neblig-feuchten Oktobersamstag 2003 sahen wir THALITA &#8211; und hatten unsere AKKA gefunden.<\/p>\n<p style=\"text-align: justify;\" align=\"JUSTIFY\">Im Fr\u00fchjahr 2004 lie\u00dfen wir uns vom trauernden Alteigner noch in die Kunst der Winterlagerarbeiten und andere Geheimnisse einf\u00fchren. Nach ein paar Probeschl\u00e4gen auf der Oosterschelde und einer gelungenen \u00dcberf\u00fchrung von Holland an die Schlei h\u00e4ngte im Laufe des Sommers auch Andrea ihren Job an den Nagel, und es folgten erste T\u00f6rns in der D\u00e4nischen S\u00fcdsee, gefolgt von einem langen, arbeitssamen Winter &#8211; siehe &#8222;Refit&#8220;.<\/p>\n<p align=\"JUSTIFY\">&nbsp;<\/p>\n","protected":false},"excerpt":{"rendered":"<p>&nbsp; &nbsp; &nbsp; &nbsp; Hallberg Rassy 42 Ketch Baunummer 143 Baujahr 1986 Riss: Olle Enderlein L\u00e4nge \u00fc.a :12,95 Breite: 3,80 Tiefgang: 1,78 &nbsp; Den Namen AKKA tr\u00e4gt unser Schiff nach der Leitgans aus dem Buch &#8222;Nils Holgerssons wunderbare Reise mit &hellip; <a href=\"https:\/\/sy-akka.de\/wordpress\/crew-und-schiff\/das-schiff\/\">Weiterlesen <span class=\"meta-nav\">&rarr;<\/span><\/a><\/p>\n","protected":false},"author":1,"featured_media":0,"parent":5132,"menu_order":0,"comment_status":"closed","ping_status":"closed","template":"","meta":{"spay_email":"","footnotes":""},"jetpack_sharing_enabled":true,"jetpack_shortlink":"https:\/\/wp.me\/P9lYZL-1lU","jetpack_likes_enabled":true,"jetpack-related-posts":[],"_links":{"self":[{"href":"https:\/\/sy-akka.de\/wordpress\/wp-json\/wp\/v2\/pages\/5202"}],"collection":[{"href":"https:\/\/sy-akka.de\/wordpress\/wp-json\/wp\/v2\/pages"}],"about":[{"href":"https:\/\/sy-akka.de\/wordpress\/wp-json\/wp\/v2\/types\/page"}],"author":[{"embeddable":true,"href":"https:\/\/sy-akka.de\/wordpress\/wp-json\/wp\/v2\/users\/1"}],"replies":[{"embeddable":true,"href":"https:\/\/sy-akka.de\/wordpress\/wp-json\/wp\/v2\/comments?post=5202"}],"version-history":[{"count":4,"href":"https:\/\/sy-akka.de\/wordpress\/wp-json\/wp\/v2\/pages\/5202\/revisions"}],"predecessor-version":[{"id":6719,"href":"https:\/\/sy-akka.de\/wordpress\/wp-json\/wp\/v2\/pages\/5202\/revisions\/6719"}],"up":[{"embeddable":true,"href":"https:\/\/sy-akka.de\/wordpress\/wp-json\/wp\/v2\/pages\/5132"}],"wp:attachment":[{"href":"https:\/\/sy-akka.de\/wordpress\/wp-json\/wp\/v2\/media?parent=5202"}],"curies":[{"name":"wp","href":"https:\/\/api.w.org\/{rel}","templated":true}]}}